{"id":16205,"date":"2024-10-30T18:58:15","date_gmt":"2024-10-30T17:58:15","guid":{"rendered":"https:\/\/best.brandpixel.eu\/?post_type=product&#038;p=16205"},"modified":"2024-10-30T18:58:15","modified_gmt":"2024-10-30T17:58:15","slug":"sherman-mig-mag-wig-synergie-3in1-inverter-schweissgeraet-200a-schweissmaschine","status":"publish","type":"product","link":"https:\/\/best.brandpixel.eu\/?product=sherman-mig-mag-wig-synergie-3in1-inverter-schweissgeraet-200a-schweissmaschine","title":{"rendered":"Sherman\u2122 MIG\/MAG WIG SYNERGIE 3in1 Inverter Schwei\u00dfger\u00e4t 200A Schwei\u00dfmaschine"},"content":{"rendered":"<p>Das Sherman MIG 200 HD Inverter-Schwei\u00dfger\u00e4t ist ein sehr einfach zu bedienendes MIG\/MAG-Schwei\u00df-Shuttle mit MMA-Option und WIG-Hub, das mit einem maximalen Strom von 200A schwei\u00dfen kann. Es ist die beste Wahl f\u00fcr diejenigen, die ihr erstes MIG\/MAG-Ger\u00e4t suchen, sowie f\u00fcr Werkstatt- und Serviceanwendungen. Das Ger\u00e4t verf\u00fcgt \u00fcber viele Annehmlichkeiten in Form von programmierbaren Speicherkan\u00e4len, der Verwendung der Spulenpistolenhalterung oder der Synergie, die den Drahtvorschub an den voreingestellten Schwei\u00dfstrom anpasst.<\/p>\n<p>VERSATILE GER\u00c4TE<br \/>\nDie Sherman MIG 200 HD ist ein Schwei\u00dfger\u00e4t, das vielseitig einsetzbar ist. Sie erm\u00f6glicht das MIG-MAG-, MMA- und TIG-DC LIFT-Schwei\u00dfen. Ein zus\u00e4tzlicher Vorteil ist die M\u00f6glichkeit des Schwei\u00dfens mit selbstsch\u00fctzenden Dr\u00e4hten (FLUX). Breite Anwendung von Wartungsarbeiten bis hin zu Karosseriereparaturen. Dank ihrer Flexibilit\u00e4t kann sie verschiedene Arten von Materialien schwei\u00dfen: Stahl, rostfreier Stahl, Aluminium.<\/p>\n<p>SELBSTVERSCHIEDENE DRAHTSCHWEISSUNG UND SCHWEI\u00dfL\u00d6TEN CuSi3<br \/>\nDie Schwei\u00dfmaschine erm\u00f6glicht den L\u00f6tprozess, der das freie F\u00fcgen von verzinkten Blechen erm\u00f6glicht, die h\u00e4ufig in Autokarosserien verwendet werden. Zus\u00e4tzlich verf\u00fcgt das Ger\u00e4t \u00fcber eine Polarit\u00e4tswechsel-Funktion, dank der es m\u00f6glich ist, ohne Gas mit selbstsch\u00fctzenden Dr\u00e4hten (FCAW) zu schwei\u00dfen, sowie mit MMA-ummantelter Elektrode zu schwei\u00dfen.<\/p>\n<p>SYNERGIE DES MIG-MAGS MIT MANUELLER EINSTELLUNGSOPTION<br \/>\nBei eingeschaltetem Ger\u00e4t ist es m\u00f6glich, die Spannung und den entsprechenden Schwei\u00dfstrom \u00fcber einen synergischen Drehknopf zu w\u00e4hlen. Die Geschwindigkeit der Drahtf\u00f6rderung wird automatisch an den eingestellten Schwei\u00dfstrom angepasst. Nach der anf\u00e4nglichen Einstellung dieser Parameter ist es m\u00f6glich, sowohl die Spannung als auch den Schwei\u00dfstrom manuell zu korrigieren. Der \u00dcbergang zwischen den einstellbaren Parametern erfolgt durch Dr\u00fccken des Drehknopfes.<\/p>\n<p>Hauptmerkmale:<\/p>\n<p>&#8211; L\u00f6ten (L\u00f6ten wird zum Verbinden von d\u00fcnnen Blechen, die mit einer Zinkschicht beschichtet sind, oder von d\u00fcnnen Blechen aus rostfreiem Stahl und verschiedenen Kombinationen, einschlie\u00dflich s\u00e4urebest\u00e4ndigem Stahl aus gew\u00f6hnlichem Qualit\u00e4tsstahl oder Kupfer mit Stahl verwendet. ),<br \/>\n&#8211; Induktivit\u00e4tsregulierung (wodurch anstelle des Schwei\u00dfens weniger W\u00e4rme eingebracht werden kann. Das Blech verformt sich nicht und die Schutzschicht aus Zink wird nicht besch\u00e4digt, was f\u00fcr das L\u00f6tschwei\u00dfen n\u00fctzlich ist),<br \/>\n&#8211; Spulenpistole (das Ger\u00e4t hat die M\u00f6glichkeit, eine Spulenpistole anzuschlie\u00dfen, die \u00fcber einen eingebauten Drahtvorschub verf\u00fcgt. N\u00fctzlich zum Schwei\u00dfen an schwer zug\u00e4nglichen Stellen und in der H\u00f6he),<\/p>\n<p>&#8211; Hot Start, Arc Force, 2T\/4T-Schalter, VRD,<br \/>\n&#8211; Anschlussm\u00f6glichkeit f\u00fcr WIG-Halter (WIG\/TIG Lift),<br \/>\n&#8211; Selbstabschirmendes Drahtschwei\u00dfen,<br \/>\n&#8211; Speicher (20 Kan\u00e4le k\u00f6nnen mit individuellen Einstellungen gespeichert werden),<br \/>\n&#8211; Digitale Steuerung,<br \/>\n&#8211; K\u00fchlung durch Ventilator<\/p>\n","protected":false},"excerpt":{"rendered":"<p>Sherman<br \/>\nMIG 200 HD<br \/>\n230V 200A<br \/>\nSherman MIG 200HD<br \/>\nMIG Griff &#8211; MB-15 3 Meter<br \/>\nMMA Griff &#8211; 2 Meter<br \/>\nMassenkabel &#8211; 2 Meter<br \/>\nZusatzrolle f\u00fcr Stahl 0.8\/1.0mm<br \/>\nSchweisszubeh\u00f6r<br \/>\nMehrsprachiges Handbuch<br \/>\n2 Jahre Garantie<\/p>\n","protected":false},"featured_media":4894,"comment_status":"open","ping_status":"closed","template":"","meta":{"site-sidebar-layout":"default","site-content-layout":"","ast-site-content-layout":"","site-content-style":"default","site-sidebar-style":"default","ast-global-header-display":"","ast-banner-title-visibility":"","ast-main-header-display":"","ast-hfb-above-header-display":"","ast-hfb-below-header-display":"","ast-hfb-mobile-header-display":"","site-post-title":"","ast-breadcrumbs-content":"","ast-featured-img":"","footer-sml-layout":"","theme-transparent-header-meta":"","adv-header-id-meta":"","stick-header-meta":"","header-above-stick-meta":"","header-main-stick-meta":"","header-below-stick-meta":"","astra-migrate-meta-layouts":"default","ast-page-background-enabled":"default","ast-page-background-meta":{"desktop":{"background-color":"var(--ast-global-color-4)","background-image":"","background-repeat":"repeat","background-position":"center center","background-size":"auto","background-attachment":"scroll","background-type":"","background-media":"","overlay-type":"","overlay-color":"","overlay-opacity":"","overlay-gradient":""},"tablet":{"background-color":"","background-image":"","background-repeat":"repeat","background-position":"center center","background-size":"auto","background-attachment":"scroll","background-type":"","background-media":"","overlay-type":"","overlay-color":"","overlay-opacity":"","overlay-gradient":""},"mobile":{"background-color":"","background-image":"","background-repeat":"repeat","background-position":"center center","background-size":"auto","background-attachment":"scroll","background-type":"","background-media":"","overlay-type":"","overlay-color":"","overlay-opacity":"","overlay-gradient":""}},"ast-content-background-meta":{"desktop":{"background-color":"var(--ast-global-color-5)","background-image":"","background-repeat":"repeat","background-position":"center center","background-size":"auto","background-attachment":"scroll","background-type":"","background-media":"","overlay-type":"","overlay-color":"","overlay-opacity":"","overlay-gradient":""},"tablet":{"background-color":"var(--ast-global-color-5)","background-image":"","background-repeat":"repeat","background-position":"center center","background-size":"auto","background-attachment":"scroll","background-type":"","background-media":"","overlay-type":"","overlay-color":"","overlay-opacity":"","overlay-gradient":""},"mobile":{"background-color":"var(--ast-global-color-5)","background-image":"","background-repeat":"repeat","background-position":"center center","background-size":"auto","background-attachment":"scroll","background-type":"","background-media":"","overlay-type":"","overlay-color":"","overlay-opacity":"","overlay-gradient":""}}},"product_cat":[55],"product_tag":[],"class_list":{"0":"post-16205","1":"product","2":"type-product","3":"status-publish","4":"has-post-thumbnail","6":"product_cat-schweissgeraete-mig-mag","7":"desktop-align-left","8":"tablet-align-left","9":"mobile-align-left","11":"first","12":"instock","13":"shipping-taxable","14":"purchasable","15":"product-type-simple"},"_links":{"self":[{"href":"https:\/\/best.brandpixel.eu\/index.php?rest_route=\/wp\/v2\/product\/16205","targetHints":{"allow":["GET"]}}],"collection":[{"href":"https:\/\/best.brandpixel.eu\/index.php?rest_route=\/wp\/v2\/product"}],"about":[{"href":"https:\/\/best.brandpixel.eu\/index.php?rest_route=\/wp\/v2\/types\/product"}],"replies":[{"embeddable":true,"href":"https:\/\/best.brandpixel.eu\/index.php?rest_route=%2Fwp%2Fv2%2Fcomments&post=16205"}],"wp:featuredmedia":[{"embeddable":true,"href":"https:\/\/best.brandpixel.eu\/index.php?rest_route=\/wp\/v2\/media\/4894"}],"wp:attachment":[{"href":"https:\/\/best.brandpixel.eu\/index.php?rest_route=%2Fwp%2Fv2%2Fmedia&parent=16205"}],"wp:term":[{"taxonomy":"product_cat","embeddable":true,"href":"https:\/\/best.brandpixel.eu\/index.php?rest_route=%2Fwp%2Fv2%2Fproduct_cat&post=16205"},{"taxonomy":"product_tag","embeddable":true,"href":"https:\/\/best.brandpixel.eu\/index.php?rest_route=%2Fwp%2Fv2%2Fproduct_tag&post=16205"}],"curies":[{"name":"wp","href":"https:\/\/api.w.org\/{rel}","templated":true}]}}