{"id":16190,"date":"2024-10-30T18:58:00","date_gmt":"2024-10-30T17:58:00","guid":{"rendered":"https:\/\/best.brandpixel.eu\/?post_type=product&#038;p=16190"},"modified":"2024-10-30T18:58:01","modified_gmt":"2024-10-30T17:58:01","slug":"ideal-mig-mag-synergie-inverter-schweissgeraet-200a-gasloser-schweissmaschine-wig","status":"publish","type":"product","link":"https:\/\/best.brandpixel.eu\/?product=ideal-mig-mag-synergie-inverter-schweissgeraet-200a-gasloser-schweissmaschine-wig","title":{"rendered":"Ideal\u2122 MIG\/MAG Synergie Inverter Schwei\u00dfger\u00e4t 200A Gasloser Schwei\u00dfmaschine WIG"},"content":{"rendered":"<p>Mikroprozessorgesteuertes Inverter-Halbautomatenschwei\u00dfen mit Synergie f\u00fcr MIG-MAG-, L\u00f6t-, FLUX-, TIG-Lift- und MMA-Schwei\u00dfen. Schwei\u00dfstrom 200A (MIG), 150A (TIG\/MMA). Stromversorgung 230V. Schwei\u00dfdrahtdurchmesser 0,6-1,0 mm. Drahtvorschub 2-Rollen.<\/p>\n<p>Das Ger\u00e4t ist ein SYNERGIC Inverter-Halbautomat zum Schwei\u00dfen von MIG\/MAG, TIG LIFT, MMA und FLUX Lichtbogenschwei\u00dfen. Das Ger\u00e4t ist f\u00fcr ein breites Anwendungsspektrum ausgelegt: von Wartungsarbeiten bis hin zu Karosseriereparaturen. <\/p>\n<p>TECNOMIG 205 LCD wird zum L\u00f6tschwei\u00dfen von verzinkten Blechen, zum Schwei\u00dfen von Edelstahl, Kohlenstoff- und niedrig legierten St\u00e4hlen und Aluminium verwendet. Das Schwei\u00dfen erfolgt mit Inert-, Aktiv- oder Mischgas und mit umgekehrter Polarit\u00e4t ohne Gas. Die schnelle synergische Einstellung der Schwei\u00dfparameter \u00fcber das LCD-Display macht die Bedienung des Ger\u00e4tes sehr einfach. Sie m\u00fcssen nur die Dicke des zu schwei\u00dfenden Materials einstellen und mit dem Schwei\u00dfen beginnen: intelligentes und automatisches Lichtbogenkontrollsystem w\u00e4hlt Schritt f\u00fcr Schritt die besten Parameter , f\u00fcr jede Schwei\u00dfposition und f\u00fcr jedes Material. Sie k\u00f6nnen auch die L\u00e4nge des Schwei\u00dflichtbogens manuell einstellen und das Aussehen der Schwei\u00dfnaht Ihren Bed\u00fcrfnissen anpassen.<\/p>\n<p>Hauptmerkmale:<\/p>\n<p>&#8211; Automatische Auswahl der Parameter<br \/>\n&#8211; Breite Anwendung : kleine Werkst\u00e4tten und Industrie<br \/>\n&#8211; Einfache Bedienung<br \/>\n&#8211; Perfekter Displaykontrast<br \/>\n&#8211; Zus\u00e4tzliche Funktionen : Burnback, \u00dcberlastschalter<br \/>\n&#8211; Eingebaute Programme zu: STAHL, ALUMINIUM, INOX und CuSi-L\u00f6tung<br \/>\n&#8211; Einstellbare Induktivit\u00e4t<br \/>\n&#8211; Verf\u00fcgbare Funktionen: MMA, TIG Lift, SYNERGY, HOT START, ARC FORCE, FLUX (gaslos)<br \/>\n&#8211; ATC &#8211; optimiertes Schwei\u00dfen von d\u00fcnnen Blechen<br \/>\n&#8211; Betriebsart HANDBETRIEB und SYNERGY<br \/>\n&#8211; Das Display zeigt den Einfluss der \u00c4nderung der Schwei\u00dfparameter auf die Form der Schwei\u00dffl\u00e4che<\/p>\n","protected":false},"excerpt":{"rendered":"<p>Ideal<br \/>\nTecnoMIG 205<br \/>\n230V 200A<br \/>\nIdeal TecnoMIG 205<br \/>\nMIG Griff &#8211; MB-15 3 Meter<br \/>\nMMA Griff &#8211; 2 Meter<br \/>\nMassenkabel &#8211; 2 Meter<br \/>\nSchweisszubeh\u00f6r<br \/>\nMehrsprachiges Handbuch<br \/>\n2 Jahre Garantie<\/p>\n","protected":false},"featured_media":4790,"comment_status":"open","ping_status":"closed","template":"","meta":{"site-sidebar-layout":"default","site-content-layout":"","ast-site-content-layout":"","site-content-style":"default","site-sidebar-style":"default","ast-global-header-display":"","ast-banner-title-visibility":"","ast-main-header-display":"","ast-hfb-above-header-display":"","ast-hfb-below-header-display":"","ast-hfb-mobile-header-display":"","site-post-title":"","ast-breadcrumbs-content":"","ast-featured-img":"","footer-sml-layout":"","theme-transparent-header-meta":"","adv-header-id-meta":"","stick-header-meta":"","header-above-stick-meta":"","header-main-stick-meta":"","header-below-stick-meta":"","astra-migrate-meta-layouts":"default","ast-page-background-enabled":"default","ast-page-background-meta":{"desktop":{"background-color":"var(--ast-global-color-4)","background-image":"","background-repeat":"repeat","background-position":"center center","background-size":"auto","background-attachment":"scroll","background-type":"","background-media":"","overlay-type":"","overlay-color":"","overlay-opacity":"","overlay-gradient":""},"tablet":{"background-color":"","background-image":"","background-repeat":"repeat","background-position":"center center","background-size":"auto","background-attachment":"scroll","background-type":"","background-media":"","overlay-type":"","overlay-color":"","overlay-opacity":"","overlay-gradient":""},"mobile":{"background-color":"","background-image":"","background-repeat":"repeat","background-position":"center center","background-size":"auto","background-attachment":"scroll","background-type":"","background-media":"","overlay-type":"","overlay-color":"","overlay-opacity":"","overlay-gradient":""}},"ast-content-background-meta":{"desktop":{"background-color":"var(--ast-global-color-5)","background-image":"","background-repeat":"repeat","background-position":"center center","background-size":"auto","background-attachment":"scroll","background-type":"","background-media":"","overlay-type":"","overlay-color":"","overlay-opacity":"","overlay-gradient":""},"tablet":{"background-color":"var(--ast-global-color-5)","background-image":"","background-repeat":"repeat","background-position":"center center","background-size":"auto","background-attachment":"scroll","background-type":"","background-media":"","overlay-type":"","overlay-color":"","overlay-opacity":"","overlay-gradient":""},"mobile":{"background-color":"var(--ast-global-color-5)","background-image":"","background-repeat":"repeat","background-position":"center center","background-size":"auto","background-attachment":"scroll","background-type":"","background-media":"","overlay-type":"","overlay-color":"","overlay-opacity":"","overlay-gradient":""}}},"product_cat":[55],"product_tag":[],"class_list":{"0":"post-16190","1":"product","2":"type-product","3":"status-publish","4":"has-post-thumbnail","6":"product_cat-schweissgeraete-mig-mag","7":"desktop-align-left","8":"tablet-align-left","9":"mobile-align-left","11":"first","12":"instock","13":"shipping-taxable","14":"purchasable","15":"product-type-simple"},"_links":{"self":[{"href":"https:\/\/best.brandpixel.eu\/index.php?rest_route=\/wp\/v2\/product\/16190","targetHints":{"allow":["GET"]}}],"collection":[{"href":"https:\/\/best.brandpixel.eu\/index.php?rest_route=\/wp\/v2\/product"}],"about":[{"href":"https:\/\/best.brandpixel.eu\/index.php?rest_route=\/wp\/v2\/types\/product"}],"replies":[{"embeddable":true,"href":"https:\/\/best.brandpixel.eu\/index.php?rest_route=%2Fwp%2Fv2%2Fcomments&post=16190"}],"wp:featuredmedia":[{"embeddable":true,"href":"https:\/\/best.brandpixel.eu\/index.php?rest_route=\/wp\/v2\/media\/4790"}],"wp:attachment":[{"href":"https:\/\/best.brandpixel.eu\/index.php?rest_route=%2Fwp%2Fv2%2Fmedia&parent=16190"}],"wp:term":[{"taxonomy":"product_cat","embeddable":true,"href":"https:\/\/best.brandpixel.eu\/index.php?rest_route=%2Fwp%2Fv2%2Fproduct_cat&post=16190"},{"taxonomy":"product_tag","embeddable":true,"href":"https:\/\/best.brandpixel.eu\/index.php?rest_route=%2Fwp%2Fv2%2Fproduct_tag&post=16190"}],"curies":[{"name":"wp","href":"https:\/\/api.w.org\/{rel}","templated":true}]}}