{"id":16177,"date":"2024-10-30T18:57:53","date_gmt":"2024-10-30T17:57:53","guid":{"rendered":"https:\/\/best.brandpixel.eu\/?post_type=product&#038;p=16177"},"modified":"2024-10-30T18:57:53","modified_gmt":"2024-10-30T17:57:53","slug":"sherman-mig-mag-synergie-4in1-inverter-schweissgeraet-220a-schweissmaschine-tig","status":"publish","type":"product","link":"https:\/\/best.brandpixel.eu\/?product=sherman-mig-mag-synergie-4in1-inverter-schweissgeraet-220a-schweissmaschine-tig","title":{"rendered":"Sherman\u2122 MIG\/MAG SYNERGIE 4in1 Inverter Schwei\u00dfger\u00e4t 220A Schwei\u00dfmaschine TIG"},"content":{"rendered":"<p>Das synergetische Schwei\u00dfger\u00e4t SHERMAN DIGIMIG 225GDS ist das innovativste Ger\u00e4t auf dem europ\u00e4ischen Markt f\u00fcr das manuelle Schwei\u00dfen von Stahl und Nichteisenmetallen mit den Verfahren MIG\/MAG, MMA (umh\u00fcllte Elektrode) und Lift TIG. Das Ger\u00e4t kann auch zum L\u00f6ten von CUSI3 d\u00fcnnen (bis zu 3 mm) verzinkten Blechen verwendet werden.<\/p>\n<p>Die Schwei\u00dfmaschine erm\u00f6glicht Langzeitschwei\u00dfen ohne \u00dcberhitzungsgefahr, die Parameter 30% f\u00fcr 220A sind f\u00fcr eine Umgebungstemperatur von 40 Grad angegeben. Unter realen Bedingungen erm\u00f6glicht sie das Schwei\u00dfen von Materialien mit einer Dicke von 5-6 mm in einem kontinuierlichen Zyklus von 100%..<\/p>\n<p>225 GDS ist ein vielseitig einsetzbares Ger\u00e4t f\u00fcr manuelle und synergische Bedienung. Synergy arbeitet im Mehrkanalmodus, stellt automatisch Parameter f\u00fcr verschiedene Materialien wie Fe (Baustahl), Ss (Edelstahl) und Aluminium mit AlMg Magnesium oder AlSi Silizium in Abh\u00e4ngigkeit vom Durchmesser des verwendeten Drahtes und des Schutzgases ein.<\/p>\n<p>Hauptmerkmale:<\/p>\n<p>Synergy (elektronische Mikroprozessorsteuerung, die die Arbeitsparameter je nach Drahtdurchmesser, Art und Dicke des Materials automatisch ausw\u00e4hlt),<br \/>\nL\u00f6ten (L\u00f6ten wird zum Verbinden von d\u00fcnnen Blechen, die mit einer Zinkschicht beschichtet sind, oder von d\u00fcnnen Blechen aus rostfreiem Stahl und verschiedenen Kombinationen, einschlie\u00dflich s\u00e4urebest\u00e4ndigem Stahl aus gew\u00f6hnlichem Qualit\u00e4tsstahl oder Kupfer mit Stahl verwendet. ),<br \/>\nInduktivit\u00e4tsregulierung (wodurch anstelle des Schwei\u00dfens weniger W\u00e4rme eingebracht werden kann. Das Blech verformt sich nicht und die Schutzschicht aus Zink wird nicht besch\u00e4digt, was f\u00fcr das L\u00f6tschwei\u00dfen n\u00fctzlich ist),<br \/>\nSpulenpistole (das Ger\u00e4t hat die M\u00f6glichkeit, eine Spulenpistole anzuschlie\u00dfen, die \u00fcber einen eingebauten Drahtvorschub verf\u00fcgt. N\u00fctzlich zum Schwei\u00dfen an schwer zug\u00e4nglichen Stellen und in der H\u00f6he),<\/p>\n<p>&#8211; Hot Start, Arc Force, 2T\/4T-Schalter, VRD,<br \/>\n&#8211; Anschlussm\u00f6glichkeit f\u00fcr WIG-Halter (TIG Lift),<br \/>\n&#8211; Selbstabschirmendes Drahtschwei\u00dfen,<br \/>\n&#8211; Speicher (10 Kan\u00e4le k\u00f6nnen mit individuellen Einstellungen gespeichert werden),<br \/>\n&#8211; Digitale Steuerung,<br \/>\n&#8211; K\u00fchlung durch Ventilator<\/p>\n","protected":false},"excerpt":{"rendered":"<p>Sherman<br \/>\nDIGIMIG 225GDS<br \/>\n230V 220A<br \/>\nSherman DIGIMIG 225GDS<br \/>\nMIG Griff &#8211; MB-15 3 Meter<br \/>\nMassenkabel &#8211; 2 Meter<br \/>\nZusatzrolle f\u00fcr Aluminium 0.8\/1.0mm<br \/>\nSchweisszubeh\u00f6r<br \/>\nMehrsprachiges Handbuch<br \/>\n2 Jahre Garantie<\/p>\n","protected":false},"featured_media":4730,"comment_status":"open","ping_status":"closed","template":"","meta":{"site-sidebar-layout":"default","site-content-layout":"","ast-site-content-layout":"","site-content-style":"default","site-sidebar-style":"default","ast-global-header-display":"","ast-banner-title-visibility":"","ast-main-header-display":"","ast-hfb-above-header-display":"","ast-hfb-below-header-display":"","ast-hfb-mobile-header-display":"","site-post-title":"","ast-breadcrumbs-content":"","ast-featured-img":"","footer-sml-layout":"","theme-transparent-header-meta":"","adv-header-id-meta":"","stick-header-meta":"","header-above-stick-meta":"","header-main-stick-meta":"","header-below-stick-meta":"","astra-migrate-meta-layouts":"default","ast-page-background-enabled":"default","ast-page-background-meta":{"desktop":{"background-color":"var(--ast-global-color-4)","background-image":"","background-repeat":"repeat","background-position":"center center","background-size":"auto","background-attachment":"scroll","background-type":"","background-media":"","overlay-type":"","overlay-color":"","overlay-opacity":"","overlay-gradient":""},"tablet":{"background-color":"","background-image":"","background-repeat":"repeat","background-position":"center center","background-size":"auto","background-attachment":"scroll","background-type":"","background-media":"","overlay-type":"","overlay-color":"","overlay-opacity":"","overlay-gradient":""},"mobile":{"background-color":"","background-image":"","background-repeat":"repeat","background-position":"center center","background-size":"auto","background-attachment":"scroll","background-type":"","background-media":"","overlay-type":"","overlay-color":"","overlay-opacity":"","overlay-gradient":""}},"ast-content-background-meta":{"desktop":{"background-color":"var(--ast-global-color-5)","background-image":"","background-repeat":"repeat","background-position":"center center","background-size":"auto","background-attachment":"scroll","background-type":"","background-media":"","overlay-type":"","overlay-color":"","overlay-opacity":"","overlay-gradient":""},"tablet":{"background-color":"var(--ast-global-color-5)","background-image":"","background-repeat":"repeat","background-position":"center center","background-size":"auto","background-attachment":"scroll","background-type":"","background-media":"","overlay-type":"","overlay-color":"","overlay-opacity":"","overlay-gradient":""},"mobile":{"background-color":"var(--ast-global-color-5)","background-image":"","background-repeat":"repeat","background-position":"center center","background-size":"auto","background-attachment":"scroll","background-type":"","background-media":"","overlay-type":"","overlay-color":"","overlay-opacity":"","overlay-gradient":""}}},"product_cat":[55],"product_tag":[],"class_list":{"0":"post-16177","1":"product","2":"type-product","3":"status-publish","4":"has-post-thumbnail","6":"product_cat-schweissgeraete-mig-mag","7":"desktop-align-left","8":"tablet-align-left","9":"mobile-align-left","11":"first","12":"instock","13":"shipping-taxable","14":"purchasable","15":"product-type-simple"},"_links":{"self":[{"href":"https:\/\/best.brandpixel.eu\/index.php?rest_route=\/wp\/v2\/product\/16177","targetHints":{"allow":["GET"]}}],"collection":[{"href":"https:\/\/best.brandpixel.eu\/index.php?rest_route=\/wp\/v2\/product"}],"about":[{"href":"https:\/\/best.brandpixel.eu\/index.php?rest_route=\/wp\/v2\/types\/product"}],"replies":[{"embeddable":true,"href":"https:\/\/best.brandpixel.eu\/index.php?rest_route=%2Fwp%2Fv2%2Fcomments&post=16177"}],"wp:featuredmedia":[{"embeddable":true,"href":"https:\/\/best.brandpixel.eu\/index.php?rest_route=\/wp\/v2\/media\/4730"}],"wp:attachment":[{"href":"https:\/\/best.brandpixel.eu\/index.php?rest_route=%2Fwp%2Fv2%2Fmedia&parent=16177"}],"wp:term":[{"taxonomy":"product_cat","embeddable":true,"href":"https:\/\/best.brandpixel.eu\/index.php?rest_route=%2Fwp%2Fv2%2Fproduct_cat&post=16177"},{"taxonomy":"product_tag","embeddable":true,"href":"https:\/\/best.brandpixel.eu\/index.php?rest_route=%2Fwp%2Fv2%2Fproduct_tag&post=16177"}],"curies":[{"name":"wp","href":"https:\/\/api.w.org\/{rel}","templated":true}]}}