{"id":16147,"date":"2024-10-30T18:57:36","date_gmt":"2024-10-30T17:57:36","guid":{"rendered":"https:\/\/best.brandpixel.eu\/?post_type=product&#038;p=16147"},"modified":"2024-10-30T18:57:38","modified_gmt":"2024-10-30T17:57:38","slug":"mig-mag-fixierhuelse-isolator-schweissbrenner-mb15-ak15-tw15-o-18mm","status":"publish","type":"product","link":"https:\/\/best.brandpixel.eu\/?product=mig-mag-fixierhuelse-isolator-schweissbrenner-mb15-ak15-tw15-o-18mm","title":{"rendered":"MIG\/MAG Fixierh\u00fclse Isolator Schwei\u00dfbrenner MB15 AK15 TW15 \u00d8 18mm"},"content":{"rendered":"<p>D\u00fcsenhalter f\u00fcr MIG-MAG-Schwei\u00dfbrennern in MB-, AK-, TW-, LG-, LGS- und DWM-Norm.<\/p>\n<p>Die MB-15 Isolierh\u00fclse sch\u00fctzt die Gummih\u00fclle des Brenners\/Rohrs.<\/p>\n<p>Auf diese Weise sorgt sie f\u00fcr die richtige Position der D\u00fcse und verhindert au\u00dferdem unn\u00f6tigen Gasverlust.<\/p>\n","protected":false},"excerpt":{"rendered":"<p>Fixierh\u00fclse \/ Isolator<br \/>\nMB15,  AK15,  TW15<\/p>\n","protected":false},"featured_media":4692,"comment_status":"open","ping_status":"closed","template":"","meta":{"site-sidebar-layout":"default","site-content-layout":"","ast-site-content-layout":"","site-content-style":"default","site-sidebar-style":"default","ast-global-header-display":"","ast-banner-title-visibility":"","ast-main-header-display":"","ast-hfb-above-header-display":"","ast-hfb-below-header-display":"","ast-hfb-mobile-header-display":"","site-post-title":"","ast-breadcrumbs-content":"","ast-featured-img":"","footer-sml-layout":"","theme-transparent-header-meta":"","adv-header-id-meta":"","stick-header-meta":"","header-above-stick-meta":"","header-main-stick-meta":"","header-below-stick-meta":"","astra-migrate-meta-layouts":"default","ast-page-background-enabled":"default","ast-page-background-meta":{"desktop":{"background-color":"var(--ast-global-color-4)","background-image":"","background-repeat":"repeat","background-position":"center center","background-size":"auto","background-attachment":"scroll","background-type":"","background-media":"","overlay-type":"","overlay-color":"","overlay-opacity":"","overlay-gradient":""},"tablet":{"background-color":"","background-image":"","background-repeat":"repeat","background-position":"center center","background-size":"auto","background-attachment":"scroll","background-type":"","background-media":"","overlay-type":"","overlay-color":"","overlay-opacity":"","overlay-gradient":""},"mobile":{"background-color":"","background-image":"","background-repeat":"repeat","background-position":"center center","background-size":"auto","background-attachment":"scroll","background-type":"","background-media":"","overlay-type":"","overlay-color":"","overlay-opacity":"","overlay-gradient":""}},"ast-content-background-meta":{"desktop":{"background-color":"var(--ast-global-color-5)","background-image":"","background-repeat":"repeat","background-position":"center center","background-size":"auto","background-attachment":"scroll","background-type":"","background-media":"","overlay-type":"","overlay-color":"","overlay-opacity":"","overlay-gradient":""},"tablet":{"background-color":"var(--ast-global-color-5)","background-image":"","background-repeat":"repeat","background-position":"center center","background-size":"auto","background-attachment":"scroll","background-type":"","background-media":"","overlay-type":"","overlay-color":"","overlay-opacity":"","overlay-gradient":""},"mobile":{"background-color":"var(--ast-global-color-5)","background-image":"","background-repeat":"repeat","background-position":"center center","background-size":"auto","background-attachment":"scroll","background-type":"","background-media":"","overlay-type":"","overlay-color":"","overlay-opacity":"","overlay-gradient":""}}},"product_cat":[59],"product_tag":[],"class_list":{"0":"post-16147","1":"product","2":"type-product","3":"status-publish","4":"has-post-thumbnail","6":"product_cat-sonstige-schweiss-produkte","7":"desktop-align-left","8":"tablet-align-left","9":"mobile-align-left","11":"first","12":"instock","13":"shipping-taxable","14":"purchasable","15":"product-type-variable"},"_links":{"self":[{"href":"https:\/\/best.brandpixel.eu\/index.php?rest_route=\/wp\/v2\/product\/16147","targetHints":{"allow":["GET"]}}],"collection":[{"href":"https:\/\/best.brandpixel.eu\/index.php?rest_route=\/wp\/v2\/product"}],"about":[{"href":"https:\/\/best.brandpixel.eu\/index.php?rest_route=\/wp\/v2\/types\/product"}],"replies":[{"embeddable":true,"href":"https:\/\/best.brandpixel.eu\/index.php?rest_route=%2Fwp%2Fv2%2Fcomments&post=16147"}],"wp:featuredmedia":[{"embeddable":true,"href":"https:\/\/best.brandpixel.eu\/index.php?rest_route=\/wp\/v2\/media\/4692"}],"wp:attachment":[{"href":"https:\/\/best.brandpixel.eu\/index.php?rest_route=%2Fwp%2Fv2%2Fmedia&parent=16147"}],"wp:term":[{"taxonomy":"product_cat","embeddable":true,"href":"https:\/\/best.brandpixel.eu\/index.php?rest_route=%2Fwp%2Fv2%2Fproduct_cat&post=16147"},{"taxonomy":"product_tag","embeddable":true,"href":"https:\/\/best.brandpixel.eu\/index.php?rest_route=%2Fwp%2Fv2%2Fproduct_tag&post=16147"}],"curies":[{"name":"wp","href":"https:\/\/api.w.org\/{rel}","templated":true}]}}