{"id":16077,"date":"2024-10-30T18:56:50","date_gmt":"2024-10-30T17:56:50","guid":{"rendered":"https:\/\/best.brandpixel.eu\/?post_type=product&#038;p=16077"},"modified":"2024-10-30T18:56:51","modified_gmt":"2024-10-30T17:56:51","slug":"sherman-160amp-lcd-schweissgeraet-wechselrichter-elektroden-arc-force-mma-tig","status":"publish","type":"product","link":"https:\/\/best.brandpixel.eu\/?product=sherman-160amp-lcd-schweissgeraet-wechselrichter-elektroden-arc-force-mma-tig","title":{"rendered":"Sherman\u2122 160Amp LCD Schwei\u00dfger\u00e4t Wechselrichter Elektroden Arc Force MMA TIG"},"content":{"rendered":"<p>Die DIGIARC 160 LCD wird zum Schwei\u00dfen von Baust\u00e4hlen mit umh\u00fcllten Elektroden (MMA-Verfahren) eingesetzt. Mit Hilfe eines zus\u00e4tzlichen Halters ist auch das WIG-Schwei\u00dfen mit Reibungsz\u00fcndung (WIG Lift) m\u00f6glich. Es handelt sich um einen Wechselrichter, der mit den technologisch fortschrittlichsten Komponenten in IGBT-Technologie hergestellt wird und \u00fcber eine Fl\u00fcssigkristallanzeige der Betriebsparameter verf\u00fcgt. Das Schwei\u00dfger\u00e4t ist mit einstellbaren Funktionen ausgestattet: Hot Start &#8211; zur Erleichterung der Z\u00fcndung des Lichtbogens, Arc Force &#8211; zur Regulierung der Dynamik des Schwei\u00dflichtbogens und Anti Stick &#8211; eine automatische Funktion zur Erleichterung der Abl\u00f6sung der Elektrode im Falle des Festklebens und zum Schutz vor Sch\u00e4den am Ger\u00e4t und VRD ? was die Spannung im Leerlauf reduziert. Kleine Abmessungen, geringes Gewicht und ein Schultergurt machen den Transport des Schwei\u00dfger\u00e4ts \u00e4u\u00dferst einfach und bequem.<\/p>\n<p>Das Ger\u00e4t kann in Innenr\u00e4umen oder \u00fcberdachten Bereichen verwendet werden, die nicht den direkten Witterungsbedingungen ausgesetzt sind. Es ist f\u00fcr Gelegenheits- und Amateurarbeiten konzipiert.<\/p>\n<p>Das gesamte Set ist in einem praktischen Koffer untergebracht, der die Aufbewahrung und den Transport erleichtert.<\/p>\n<p>MMA SYNERGY &#8211; Bei der Einstellung des Schwei\u00dfstroms schl\u00e4gt das Ger\u00e4t den korrekten Durchmesser der Schwei\u00dfelektrode und die Dicke des zu schwei\u00dfenden Materials auf den gew\u00e4hlten Strom vor.<br \/>\nVRD (Voltage Reduction Device) Funktion &#8211; reduziert die Ruhespannung im Ruhezustand an der Elektrode auf einen sicheren Wert. Sie gew\u00e4hrleistet die Sicherheit gegen elektrischen Schlag bei der Arbeit in feuchter Umgebung.<\/p>\n<p>Die Schwei\u00dfmaschine verf\u00fcgt \u00fcber Funktionen, die den Prozess des MMA-Schwei\u00dfens mit umh\u00fcllter Elektrode erleichtern:<\/p>\n<p>ARC FORCE: Kurzschlussstromregelung &#8211; erleichtert die \u00dcbertragung geschmolzener Elektrodentr\u00f6pfchen auf das zu schwei\u00dfende Material und verhindert die L\u00f6schung des Lichtbogens, wenn der Elektrodentr\u00f6pfchen mit dem Schwei\u00dfteich in Kontakt kommt.<br \/>\nHOT START: Hei\u00dfstartregelung &#8211; erleichtert das Z\u00fcnden der Elektrode, indem bei jedem Lichtbogenereignis mehr Schwei\u00dfstrom zur Verf\u00fcgung gestellt wird.<br \/>\nANTI STICK: kurzschlussfest &#8211; schaltet die Schwei\u00dfspannung automatisch ab, wenn die Elektrode auf dem zu schwei\u00dfenden Material klebt, was das Abrei\u00dfen erleichtert und die versehentliche Bildung eines Schwei\u00dflichtbogens verhindert.<br \/>\nWIG LIFT: Die Startfunktion \u201eLift-TIG\u201c der Snake 200 LED vereinfacht das WIG-Schwei\u00dfen. R\u00fcsten Sie die Stromquelle mit dem optionalen WIG-Brenner mit eingebautem Gasventil und Regler und der Gasflasche aus und Sie haben alles was Sie ben\u00f6tigen, um Baustahl oder Edelstahl mit oder ohne Schwei\u00dfzus\u00e4tze zu schwei\u00dfen.<\/p>\n","protected":false},"excerpt":{"rendered":"<p>Sherman\u2122<br \/>\nDIGIARC 160 LCD<br \/>\n230V 160A<br \/>\nSherman\u2122 DIGIARC 160 LCD<br \/>\nMMA Griff &#8211; 2 Meter<br \/>\nMassenkabel &#8211; 2 Meter<br \/>\nMehrsprachiges Handbuch<br \/>\n2 Jahre Garantie<\/p>\n","protected":false},"featured_media":4539,"comment_status":"open","ping_status":"closed","template":"","meta":{"site-sidebar-layout":"default","site-content-layout":"","ast-site-content-layout":"","site-content-style":"default","site-sidebar-style":"default","ast-global-header-display":"","ast-banner-title-visibility":"","ast-main-header-display":"","ast-hfb-above-header-display":"","ast-hfb-below-header-display":"","ast-hfb-mobile-header-display":"","site-post-title":"","ast-breadcrumbs-content":"","ast-featured-img":"","footer-sml-layout":"","theme-transparent-header-meta":"","adv-header-id-meta":"","stick-header-meta":"","header-above-stick-meta":"","header-main-stick-meta":"","header-below-stick-meta":"","astra-migrate-meta-layouts":"default","ast-page-background-enabled":"default","ast-page-background-meta":{"desktop":{"background-color":"var(--ast-global-color-4)","background-image":"","background-repeat":"repeat","background-position":"center center","background-size":"auto","background-attachment":"scroll","background-type":"","background-media":"","overlay-type":"","overlay-color":"","overlay-opacity":"","overlay-gradient":""},"tablet":{"background-color":"","background-image":"","background-repeat":"repeat","background-position":"center center","background-size":"auto","background-attachment":"scroll","background-type":"","background-media":"","overlay-type":"","overlay-color":"","overlay-opacity":"","overlay-gradient":""},"mobile":{"background-color":"","background-image":"","background-repeat":"repeat","background-position":"center center","background-size":"auto","background-attachment":"scroll","background-type":"","background-media":"","overlay-type":"","overlay-color":"","overlay-opacity":"","overlay-gradient":""}},"ast-content-background-meta":{"desktop":{"background-color":"var(--ast-global-color-5)","background-image":"","background-repeat":"repeat","background-position":"center center","background-size":"auto","background-attachment":"scroll","background-type":"","background-media":"","overlay-type":"","overlay-color":"","overlay-opacity":"","overlay-gradient":""},"tablet":{"background-color":"var(--ast-global-color-5)","background-image":"","background-repeat":"repeat","background-position":"center center","background-size":"auto","background-attachment":"scroll","background-type":"","background-media":"","overlay-type":"","overlay-color":"","overlay-opacity":"","overlay-gradient":""},"mobile":{"background-color":"var(--ast-global-color-5)","background-image":"","background-repeat":"repeat","background-position":"center center","background-size":"auto","background-attachment":"scroll","background-type":"","background-media":"","overlay-type":"","overlay-color":"","overlay-opacity":"","overlay-gradient":""}}},"product_cat":[51],"product_tag":[],"class_list":{"0":"post-16077","1":"product","2":"type-product","3":"status-publish","4":"has-post-thumbnail","6":"product_cat-230-v","7":"desktop-align-left","8":"tablet-align-left","9":"mobile-align-left","11":"first","12":"instock","13":"shipping-taxable","14":"purchasable","15":"product-type-simple"},"_links":{"self":[{"href":"https:\/\/best.brandpixel.eu\/index.php?rest_route=\/wp\/v2\/product\/16077","targetHints":{"allow":["GET"]}}],"collection":[{"href":"https:\/\/best.brandpixel.eu\/index.php?rest_route=\/wp\/v2\/product"}],"about":[{"href":"https:\/\/best.brandpixel.eu\/index.php?rest_route=\/wp\/v2\/types\/product"}],"replies":[{"embeddable":true,"href":"https:\/\/best.brandpixel.eu\/index.php?rest_route=%2Fwp%2Fv2%2Fcomments&post=16077"}],"wp:featuredmedia":[{"embeddable":true,"href":"https:\/\/best.brandpixel.eu\/index.php?rest_route=\/wp\/v2\/media\/4539"}],"wp:attachment":[{"href":"https:\/\/best.brandpixel.eu\/index.php?rest_route=%2Fwp%2Fv2%2Fmedia&parent=16077"}],"wp:term":[{"taxonomy":"product_cat","embeddable":true,"href":"https:\/\/best.brandpixel.eu\/index.php?rest_route=%2Fwp%2Fv2%2Fproduct_cat&post=16077"},{"taxonomy":"product_tag","embeddable":true,"href":"https:\/\/best.brandpixel.eu\/index.php?rest_route=%2Fwp%2Fv2%2Fproduct_tag&post=16077"}],"curies":[{"name":"wp","href":"https:\/\/api.w.org\/{rel}","templated":true}]}}