{"id":16052,"date":"2024-10-30T18:56:34","date_gmt":"2024-10-30T17:56:34","guid":{"rendered":"https:\/\/best.brandpixel.eu\/?post_type=product&#038;p=16052"},"modified":"2024-10-30T18:56:38","modified_gmt":"2024-10-30T17:56:38","slug":"fachowiec-spritzpistolen-hvlp-13-25mm-professional-lackierpistole-druckluft","status":"publish","type":"product","link":"https:\/\/best.brandpixel.eu\/?product=fachowiec-spritzpistolen-hvlp-13-25mm-professional-lackierpistole-druckluft","title":{"rendered":"Fachowiec\u2122 Spritzpistolen HVLP 1,3 &#8211; 2,5mm Professional Lackierpistole Druckluft"},"content":{"rendered":"<p>Die PROFESSIONAL-Spritzpistole ist die h\u00f6chste Qualit\u00e4t unter den professionellen Spritzpistolen. Das HVLP-Modell ist eine typische Niederdruckpistole, die sich durch einen h\u00f6heren Luftverbrauch im Vergleich zu anderen Systemen, einen langsameren Auftrag der Spritzmaterialien und eine relativ geringe Staubentwicklung auszeichnet. Das angebotene Modell ist ideal f\u00fcr das Auftragen von Lacken, Klarlacken, Beizen, Spachtelmassen, Grundierungen, Klebern usw. Die Pistole kann in einer Lackiererei, einer Schreinerei, einer Schlosserei, einer Baustelle, einem Kleingarten und einer Garage verwendet werden. Eine sehr beliebte Waffe unter Malern. Es gibt drei Einstellm\u00f6glichkeiten: die Luftzufuhr, die Menge des ausgesto\u00dfenen Materials und die Breite des Strahls.<\/p>\n","protected":false},"excerpt":{"rendered":"<p>Spritzpistole<br \/>\nHVLP 1,3mm<\/p>\n","protected":false},"featured_media":4454,"comment_status":"open","ping_status":"closed","template":"","meta":{"site-sidebar-layout":"default","site-content-layout":"","ast-site-content-layout":"","site-content-style":"default","site-sidebar-style":"default","ast-global-header-display":"","ast-banner-title-visibility":"","ast-main-header-display":"","ast-hfb-above-header-display":"","ast-hfb-below-header-display":"","ast-hfb-mobile-header-display":"","site-post-title":"","ast-breadcrumbs-content":"","ast-featured-img":"","footer-sml-layout":"","theme-transparent-header-meta":"","adv-header-id-meta":"","stick-header-meta":"","header-above-stick-meta":"","header-main-stick-meta":"","header-below-stick-meta":"","astra-migrate-meta-layouts":"default","ast-page-background-enabled":"default","ast-page-background-meta":{"desktop":{"background-color":"var(--ast-global-color-4)","background-image":"","background-repeat":"repeat","background-position":"center center","background-size":"auto","background-attachment":"scroll","background-type":"","background-media":"","overlay-type":"","overlay-color":"","overlay-opacity":"","overlay-gradient":""},"tablet":{"background-color":"","background-image":"","background-repeat":"repeat","background-position":"center center","background-size":"auto","background-attachment":"scroll","background-type":"","background-media":"","overlay-type":"","overlay-color":"","overlay-opacity":"","overlay-gradient":""},"mobile":{"background-color":"","background-image":"","background-repeat":"repeat","background-position":"center center","background-size":"auto","background-attachment":"scroll","background-type":"","background-media":"","overlay-type":"","overlay-color":"","overlay-opacity":"","overlay-gradient":""}},"ast-content-background-meta":{"desktop":{"background-color":"var(--ast-global-color-5)","background-image":"","background-repeat":"repeat","background-position":"center center","background-size":"auto","background-attachment":"scroll","background-type":"","background-media":"","overlay-type":"","overlay-color":"","overlay-opacity":"","overlay-gradient":""},"tablet":{"background-color":"var(--ast-global-color-5)","background-image":"","background-repeat":"repeat","background-position":"center center","background-size":"auto","background-attachment":"scroll","background-type":"","background-media":"","overlay-type":"","overlay-color":"","overlay-opacity":"","overlay-gradient":""},"mobile":{"background-color":"var(--ast-global-color-5)","background-image":"","background-repeat":"repeat","background-position":"center center","background-size":"auto","background-attachment":"scroll","background-type":"","background-media":"","overlay-type":"","overlay-color":"","overlay-opacity":"","overlay-gradient":""}}},"product_cat":[48],"product_tag":[],"class_list":{"0":"post-16052","1":"product","2":"type-product","3":"status-publish","4":"has-post-thumbnail","6":"product_cat-lackierpistolen","7":"desktop-align-left","8":"tablet-align-left","9":"mobile-align-left","11":"first","12":"instock","13":"shipping-taxable","14":"purchasable","15":"product-type-variable"},"_links":{"self":[{"href":"https:\/\/best.brandpixel.eu\/index.php?rest_route=\/wp\/v2\/product\/16052","targetHints":{"allow":["GET"]}}],"collection":[{"href":"https:\/\/best.brandpixel.eu\/index.php?rest_route=\/wp\/v2\/product"}],"about":[{"href":"https:\/\/best.brandpixel.eu\/index.php?rest_route=\/wp\/v2\/types\/product"}],"replies":[{"embeddable":true,"href":"https:\/\/best.brandpixel.eu\/index.php?rest_route=%2Fwp%2Fv2%2Fcomments&post=16052"}],"wp:featuredmedia":[{"embeddable":true,"href":"https:\/\/best.brandpixel.eu\/index.php?rest_route=\/wp\/v2\/media\/4454"}],"wp:attachment":[{"href":"https:\/\/best.brandpixel.eu\/index.php?rest_route=%2Fwp%2Fv2%2Fmedia&parent=16052"}],"wp:term":[{"taxonomy":"product_cat","embeddable":true,"href":"https:\/\/best.brandpixel.eu\/index.php?rest_route=%2Fwp%2Fv2%2Fproduct_cat&post=16052"},{"taxonomy":"product_tag","embeddable":true,"href":"https:\/\/best.brandpixel.eu\/index.php?rest_route=%2Fwp%2Fv2%2Fproduct_tag&post=16052"}],"curies":[{"name":"wp","href":"https:\/\/api.w.org\/{rel}","templated":true}]}}