{"id":16037,"date":"2024-10-30T18:56:24","date_gmt":"2024-10-30T17:56:24","guid":{"rendered":"https:\/\/best.brandpixel.eu\/?post_type=product&#038;p=16037"},"modified":"2024-10-30T18:56:24","modified_gmt":"2024-10-30T17:56:24","slug":"druckluft-kompressor-aggregat-kompressoraggregat-4kw-430l-2-kompressionsstufen","status":"publish","type":"product","link":"https:\/\/best.brandpixel.eu\/?product=druckluft-kompressor-aggregat-kompressoraggregat-4kw-430l-2-kompressionsstufen","title":{"rendered":"Druckluft Kompressor Aggregat Kompressoraggregat 4kW 430l 2 Kompressionsstufen"},"content":{"rendered":"<p>Hochwertiges, professionelles Kompressoraggregat mit Gussblock, Zweikolben, einstufig, in Reihe, \u00f6lgeschmiert. Motorleistung 4 kW, Leistung 430 l\/min. Das Ger\u00e4t passt perfekt zu unseren Shamal- oder Profi-Kompressoren, aber auch zu Kompressoren anderer Hersteller.<\/p>\n<p>Ein Zylinder aus Gusseisen gew\u00e4hrleistet einen langen und st\u00f6rungsfreien Betrieb. Das Aggregat erreicht seine Nennleistung bei einer relativ niedrigen Drehzahl, was den Verschlei\u00df seiner Komponenten auf ein Minimum reduziert.<\/p>\n<p>Das Produkt besitzt das CE-Zertifikat, das die Einhaltung der Sicherheitsvorschriften und -normen der Europ\u00e4ischen Union und Polens garantiert.<\/p>\n","protected":false},"excerpt":{"rendered":"<p>Kompressor Aggregat<br \/>\n430l\/min &#8211; 10bar &#8211; 4kW<br \/>\nKompressor Aggregat HSC1090\/ZT<br \/>\nKeilriemenscheibe<br \/>\nLuftfilter mit Geh\u00e4use<br \/>\nEntl\u00fcftung, \u00d6se und \u00d6lstopfen<br \/>\n2 Jahre Garantie<\/p>\n","protected":false},"featured_media":4409,"comment_status":"open","ping_status":"closed","template":"","meta":{"site-sidebar-layout":"default","site-content-layout":"","ast-site-content-layout":"","site-content-style":"default","site-sidebar-style":"default","ast-global-header-display":"","ast-banner-title-visibility":"","ast-main-header-display":"","ast-hfb-above-header-display":"","ast-hfb-below-header-display":"","ast-hfb-mobile-header-display":"","site-post-title":"","ast-breadcrumbs-content":"","ast-featured-img":"","footer-sml-layout":"","theme-transparent-header-meta":"","adv-header-id-meta":"","stick-header-meta":"","header-above-stick-meta":"","header-main-stick-meta":"","header-below-stick-meta":"","astra-migrate-meta-layouts":"default","ast-page-background-enabled":"default","ast-page-background-meta":{"desktop":{"background-color":"var(--ast-global-color-4)","background-image":"","background-repeat":"repeat","background-position":"center center","background-size":"auto","background-attachment":"scroll","background-type":"","background-media":"","overlay-type":"","overlay-color":"","overlay-opacity":"","overlay-gradient":""},"tablet":{"background-color":"","background-image":"","background-repeat":"repeat","background-position":"center center","background-size":"auto","background-attachment":"scroll","background-type":"","background-media":"","overlay-type":"","overlay-color":"","overlay-opacity":"","overlay-gradient":""},"mobile":{"background-color":"","background-image":"","background-repeat":"repeat","background-position":"center center","background-size":"auto","background-attachment":"scroll","background-type":"","background-media":"","overlay-type":"","overlay-color":"","overlay-opacity":"","overlay-gradient":""}},"ast-content-background-meta":{"desktop":{"background-color":"var(--ast-global-color-5)","background-image":"","background-repeat":"repeat","background-position":"center center","background-size":"auto","background-attachment":"scroll","background-type":"","background-media":"","overlay-type":"","overlay-color":"","overlay-opacity":"","overlay-gradient":""},"tablet":{"background-color":"var(--ast-global-color-5)","background-image":"","background-repeat":"repeat","background-position":"center center","background-size":"auto","background-attachment":"scroll","background-type":"","background-media":"","overlay-type":"","overlay-color":"","overlay-opacity":"","overlay-gradient":""},"mobile":{"background-color":"var(--ast-global-color-5)","background-image":"","background-repeat":"repeat","background-position":"center center","background-size":"auto","background-attachment":"scroll","background-type":"","background-media":"","overlay-type":"","overlay-color":"","overlay-opacity":"","overlay-gradient":""}}},"product_cat":[46],"product_tag":[],"class_list":{"0":"post-16037","1":"product","2":"type-product","3":"status-publish","4":"has-post-thumbnail","6":"product_cat-kompressoren-und-verdichter","7":"desktop-align-left","8":"tablet-align-left","9":"mobile-align-left","11":"first","12":"instock","13":"shipping-taxable","14":"purchasable","15":"product-type-simple"},"_links":{"self":[{"href":"https:\/\/best.brandpixel.eu\/index.php?rest_route=\/wp\/v2\/product\/16037","targetHints":{"allow":["GET"]}}],"collection":[{"href":"https:\/\/best.brandpixel.eu\/index.php?rest_route=\/wp\/v2\/product"}],"about":[{"href":"https:\/\/best.brandpixel.eu\/index.php?rest_route=\/wp\/v2\/types\/product"}],"replies":[{"embeddable":true,"href":"https:\/\/best.brandpixel.eu\/index.php?rest_route=%2Fwp%2Fv2%2Fcomments&post=16037"}],"wp:featuredmedia":[{"embeddable":true,"href":"https:\/\/best.brandpixel.eu\/index.php?rest_route=\/wp\/v2\/media\/4409"}],"wp:attachment":[{"href":"https:\/\/best.brandpixel.eu\/index.php?rest_route=%2Fwp%2Fv2%2Fmedia&parent=16037"}],"wp:term":[{"taxonomy":"product_cat","embeddable":true,"href":"https:\/\/best.brandpixel.eu\/index.php?rest_route=%2Fwp%2Fv2%2Fproduct_cat&post=16037"},{"taxonomy":"product_tag","embeddable":true,"href":"https:\/\/best.brandpixel.eu\/index.php?rest_route=%2Fwp%2Fv2%2Fproduct_tag&post=16037"}],"curies":[{"name":"wp","href":"https:\/\/api.w.org\/{rel}","templated":true}]}}