{"id":16033,"date":"2024-10-30T18:56:22","date_gmt":"2024-10-30T17:56:22","guid":{"rendered":"https:\/\/best.brandpixel.eu\/?post_type=product&#038;p=16033"},"modified":"2024-10-30T18:56:22","modified_gmt":"2024-10-30T17:56:22","slug":"ideal-induktionsheizgeraet-heizgeraet-induktionsheizer-schraubenloeser-230v-12kva","status":"publish","type":"product","link":"https:\/\/best.brandpixel.eu\/?product=ideal-induktionsheizgeraet-heizgeraet-induktionsheizer-schraubenloeser-230v-12kva","title":{"rendered":"Ideal\u2122 Induktionsheizger\u00e4t Heizger\u00e4t Induktionsheizer Schraubenl\u00f6ser 230V 1,2kVA"},"content":{"rendered":"<p>Der INDUCTOR 2000 ist f\u00fcr die schnelle, hocheffiziente und gleichzeitig sichere Erw\u00e4rmung von Metallteilen konzipiert. Das Ger\u00e4t ist ein hervorragender Ersatz f\u00fcr herk\u00f6mmliche Anw\u00e4rmverfahren mit brennbaren Gasen (Propan-Butan-Sauerstoff, Acetylen-Sauerstoff) in Werkst\u00e4tten, Reparaturwerkst\u00e4tten, Automobilwerken und \u00fcberall dort, wo Schraubverbindungen, Buchsen, Lager, Naben zur Demontage usw. erw\u00e4rmt werden m\u00fcssen. Es wird \u00fcberall dort eingesetzt, wo ein schneller Einsatz erforderlich ist und die Gefahr besteht, dass die zu erw\u00e4rmende Fl\u00e4che durch die Flamme besch\u00e4digt wird, z.B. bei Polsterm\u00f6beln, Lackierungen, Gummischl\u00e4uchen, Elektrokabeln usw. Das Ger\u00e4t verwendet eine moderne, effiziente und effektive Methode zum Erw\u00e4rmen von Werkst\u00fccken, Instrumenten vor dem Aush\u00e4rten, zum Auftauen usw. <\/p>\n<p>Gleichm\u00e4\u00dfige, schnelle und stabile Erw\u00e4rmung der Werkst\u00fccke. Die Oberfl\u00e4che des zu erw\u00e4rmenden Werkst\u00fccks befindet sich nur in dem Bereich, der f\u00fcr die W\u00e4rmebehandlung erforderlich ist, und unterliegt der vollen Kontrolle des Bereichs, in dem der Temperatureinfluss erforderlich ist. <\/p>\n<p>Hohe Arbeitssicherheit (keine brennbaren Gase) und bessere Arbeitsbedingungen f\u00fcr den Bediener. Der Bediener ist keinen offenen Flammen, hei\u00dfen Gasen und der Brand- und Explosionsgefahr bei der Verwendung offener Flammen ausgesetzt. <\/p>\n<p>Geringere Kosten f\u00fcr die Ausbildung der Besatzung, geringere Lohnkosten. Das Personal muss nicht regelm\u00e4\u00dfig geschult werden, wie es bei der Arbeit mit Gasen erforderlich ist.<\/p>\n<p>Niedrige Anschaffungs- und Betriebskosten. Keine Kosten f\u00fcr den Kauf von Industriegasen und das Mieten von Gasflaschen. <\/p>\n<p>Hohe Energieeffizienz.<br \/>\nF\u00e4higkeit, Werkst\u00fccke auf Temperaturen von 600\u00b0C und mehr zu erhitzen.<\/p>\n<p>Eigenschaften:<\/p>\n<p>&#8211; Zuverl\u00e4ssige IGBT-Technologie<br \/>\n&#8211; Einfache Handhabung und niedrige Betriebskosten.<br \/>\n&#8211; Optimaler Schutz f\u00fcr den Benutzer durch Trennung des Hauptstromkreises vom Netz<br \/>\n&#8211; Mikroprozessorgest\u00fctztes Design<br \/>\n&#8211; Automatische Auswahl von Betriebsfrequenz und Impedanz des Wechselrichters<br \/>\n&#8211; Betriebsfrequenz der Induktivit\u00e4t: 40 kHz &#8211; 60 kHz<br \/>\n&#8211; \u00dcberlastungsalarm<\/p>\n<p>Ausstattungen:<\/p>\n<p>Feststehende Spulen &#8211; zum Erw\u00e4rmen von Rohren, Bolzen, Profilen usw. mit verschiedenen Durchmessern.<br \/>\nFlexible Spulen &#8211; sind so konzipiert, dass sie das zu erw\u00e4rmende Material umh\u00fcllen.<br \/>\nFokussierte Flachspulen &#8211; sind f\u00fcr die Erw\u00e4rmung von Flachmaterial, Blechen usw. bestimmt.<br \/>\nKunststoffgeh\u00e4use.<\/p>\n<p>Der INDUCTOR 2000 ist in der Lage, eine M14-Schraube oder -Mutter in bis zu 30 Sekunden auf 600\u00b0C zu erhitzen. Die Vorbereitung f\u00fcr den Gebrauch geht im Allgemeinen schneller als die Vorbereitung f\u00fcr den Erhitzungsprozess mit brennbaren Gasbrennern. Der Induktionserw\u00e4rmungsprozess beginnt, wenn das Heizger\u00e4t in eine 230-V-Steckdose eingesteckt, die Induktionsspule aufgesetzt oder in die N\u00e4he des zu erw\u00e4rmenden Werkst\u00fccks gebracht und eine Taste gedr\u00fcckt wird. Das zu erw\u00e4rmende Werkst\u00fcck wird je nach Bedarf sehr schnell erw\u00e4rmt, bis hin zur &#8222;R\u00f6te&#8220;. Gleichzeitig beleuchtet eine wei\u00dfe LED das zu erw\u00e4rmende Werkst\u00fcck, was dem Bediener das Arbeiten in dunklen und schwer zug\u00e4nglichen Bereichen erleichtert. Induktionsspulen sind leicht austauschbar und in vielen Gr\u00f6\u00dfen und Typen erh\u00e4ltlich, von runden Spulen mit festem Durchmesser \u00fcber flache Spulen bis hin zu Blech- und flexiblen Spulen, mit denen wir ein Werkst\u00fcck mit beliebiger Oberfl\u00e4che umwickeln k\u00f6nnen. F\u00fcr die Induktionserw\u00e4rmung ist es auch m\u00f6glich, einen Satz Spulen mit verschiedenen Durchmessern zu bestellen, die nicht im Standardlieferumfang des Ger\u00e4ts enthalten sind.<\/p>\n<p>Ausr\u00fcstung:<\/p>\n<p>Geh\u00e4use, FLEXI800 flexibles Kabel, L=800mm IND. 2000 Gerade Spule \/19\/220mm\/M8, Gerade Spule \/23\/220mm\/M10, Spule f\u00fcr Abisolierstreifen und Embleme<\/p>\n","protected":false},"excerpt":{"rendered":"<p>Ideal\u2122<br \/>\nInductor 2000<br \/>\n230V \/ 1,2kW<br \/>\nIdeal\u2122 Inductor 2000<br \/>\nArbeitsgriff &#8211; 2 Meter<br \/>\nMehrsprachiges Handbuch<br \/>\n2 Jahre Garantie<\/p>\n","protected":false},"featured_media":4395,"comment_status":"open","ping_status":"closed","template":"","meta":{"site-sidebar-layout":"default","site-content-layout":"","ast-site-content-layout":"","site-content-style":"default","site-sidebar-style":"default","ast-global-header-display":"","ast-banner-title-visibility":"","ast-main-header-display":"","ast-hfb-above-header-display":"","ast-hfb-below-header-display":"","ast-hfb-mobile-header-display":"","site-post-title":"","ast-breadcrumbs-content":"","ast-featured-img":"","footer-sml-layout":"","theme-transparent-header-meta":"","adv-header-id-meta":"","stick-header-meta":"","header-above-stick-meta":"","header-main-stick-meta":"","header-below-stick-meta":"","astra-migrate-meta-layouts":"default","ast-page-background-enabled":"default","ast-page-background-meta":{"desktop":{"background-color":"var(--ast-global-color-4)","background-image":"","background-repeat":"repeat","background-position":"center center","background-size":"auto","background-attachment":"scroll","background-type":"","background-media":"","overlay-type":"","overlay-color":"","overlay-opacity":"","overlay-gradient":""},"tablet":{"background-color":"","background-image":"","background-repeat":"repeat","background-position":"center center","background-size":"auto","background-attachment":"scroll","background-type":"","background-media":"","overlay-type":"","overlay-color":"","overlay-opacity":"","overlay-gradient":""},"mobile":{"background-color":"","background-image":"","background-repeat":"repeat","background-position":"center center","background-size":"auto","background-attachment":"scroll","background-type":"","background-media":"","overlay-type":"","overlay-color":"","overlay-opacity":"","overlay-gradient":""}},"ast-content-background-meta":{"desktop":{"background-color":"var(--ast-global-color-5)","background-image":"","background-repeat":"repeat","background-position":"center center","background-size":"auto","background-attachment":"scroll","background-type":"","background-media":"","overlay-type":"","overlay-color":"","overlay-opacity":"","overlay-gradient":""},"tablet":{"background-color":"var(--ast-global-color-5)","background-image":"","background-repeat":"repeat","background-position":"center center","background-size":"auto","background-attachment":"scroll","background-type":"","background-media":"","overlay-type":"","overlay-color":"","overlay-opacity":"","overlay-gradient":""},"mobile":{"background-color":"var(--ast-global-color-5)","background-image":"","background-repeat":"repeat","background-position":"center center","background-size":"auto","background-attachment":"scroll","background-type":"","background-media":"","overlay-type":"","overlay-color":"","overlay-opacity":"","overlay-gradient":""}}},"product_cat":[42],"product_tag":[],"class_list":{"0":"post-16033","1":"product","2":"type-product","3":"status-publish","4":"has-post-thumbnail","6":"product_cat-induktionsheizgeraete","7":"desktop-align-left","8":"tablet-align-left","9":"mobile-align-left","11":"first","12":"instock","13":"shipping-taxable","14":"purchasable","15":"product-type-simple"},"_links":{"self":[{"href":"https:\/\/best.brandpixel.eu\/index.php?rest_route=\/wp\/v2\/product\/16033","targetHints":{"allow":["GET"]}}],"collection":[{"href":"https:\/\/best.brandpixel.eu\/index.php?rest_route=\/wp\/v2\/product"}],"about":[{"href":"https:\/\/best.brandpixel.eu\/index.php?rest_route=\/wp\/v2\/types\/product"}],"replies":[{"embeddable":true,"href":"https:\/\/best.brandpixel.eu\/index.php?rest_route=%2Fwp%2Fv2%2Fcomments&post=16033"}],"wp:featuredmedia":[{"embeddable":true,"href":"https:\/\/best.brandpixel.eu\/index.php?rest_route=\/wp\/v2\/media\/4395"}],"wp:attachment":[{"href":"https:\/\/best.brandpixel.eu\/index.php?rest_route=%2Fwp%2Fv2%2Fmedia&parent=16033"}],"wp:term":[{"taxonomy":"product_cat","embeddable":true,"href":"https:\/\/best.brandpixel.eu\/index.php?rest_route=%2Fwp%2Fv2%2Fproduct_cat&post=16033"},{"taxonomy":"product_tag","embeddable":true,"href":"https:\/\/best.brandpixel.eu\/index.php?rest_route=%2Fwp%2Fv2%2Fproduct_tag&post=16033"}],"curies":[{"name":"wp","href":"https:\/\/api.w.org\/{rel}","templated":true}]}}