{"id":16032,"date":"2024-10-30T18:56:21","date_gmt":"2024-10-30T17:56:21","guid":{"rendered":"https:\/\/best.brandpixel.eu\/?post_type=product&#038;p=16032"},"modified":"2024-10-30T18:56:21","modified_gmt":"2024-10-30T17:56:21","slug":"magnum-induktionsheizgeraet-heizgeraet-induktionsheizer-schraubenloeser-230v-3kva","status":"publish","type":"product","link":"https:\/\/best.brandpixel.eu\/?product=magnum-induktionsheizgeraet-heizgeraet-induktionsheizer-schraubenloeser-230v-3kva","title":{"rendered":"Magnum\u2122 Induktionsheizger\u00e4t Heizger\u00e4t Induktionsheizer Schraubenl\u00f6ser 230V 3kVA"},"content":{"rendered":"<p>Der Induktionsheizer XL ist das leistungsst\u00e4rkste Induktionsger\u00e4t von Magnum f\u00fcr die pr\u00e4zise und sofortige Erw\u00e4rmung von Metallteilen. \u00dcberall dort, wo es notwendig ist, Schraubverbindungen, Buchsen, Lager, Naben f\u00fcr die Demontage usw. zu erw\u00e4rmen.<\/p>\n<p>Das 3kVA-Heizger\u00e4t von Magnum wird \u00fcberall dort eingesetzt, wo ein schneller Einsatz erforderlich ist und die Gefahr besteht, dass die Flamme den zu erw\u00e4rmenden Bereich besch\u00e4digt, z. B. Polster, Lackierungen, Gummischl\u00e4uche, elektrische Kabel.<\/p>\n<p>Das Ger\u00e4t verwendet moderne IGBT-Transistoren, eine L\u00f6sung, die ein Minimum an elektromagnetischer Interferenz und einen geringen Leistungsverlust in den Grundschaltungen gew\u00e4hrleistet, was zu einer h\u00f6heren Effizienz und Zuverl\u00e4ssigkeit der Stromquelle f\u00fchrt.<\/p>\n<p>Geeignet zum Biegen von Rohren und Stangen sowie zum Richten von Blechen, ist das Ger\u00e4t unersetzlich zum Entfernen von Aufklebern<br \/>\nPatentierter Griff mit Kontrolle.<br \/>\nSteckschl\u00fcsseleins\u00e4tze mit austauschbaren Spitzen.<\/p>\n<p>Der Induktionsheizer Magnum Heater 3 kVA ist mit einer PFC-Funktion ausgestattet, die selbst bei einem Spannungsabfall von 30 % einen stabilen Betrieb gew\u00e4hrleistet. Diese technologische L\u00f6sung erm\u00f6glicht die Verwendung langer Verl\u00e4ngerungskabel und die Zusammenarbeit mit Stromerzeugern.<\/p>\n<p>Automobil-, Eisenbahn- und Schiffsbauindustrie, Maschinenbau, Reparaturwerkst\u00e4tten, Montagewerkst\u00e4tten, Heizungsindustrie, Installateure, Wartungsunternehmen usw. Herstellung, Reparatur, \u00dcberholung und Wartung von Maschinen.<\/p>\n<p>Zu erw\u00e4rmende Werkst\u00fccke: Schrauben, Stangen, Profile, Bleche, Lager, Geh\u00e4use, Antriebswellen, Scharniere, Muttern, Rohre und Zahnr\u00e4der, Lagersitze, Lambdasonden, Maschinen- und Fahrzeugteile und -komponenten, Auspuffanlagen, Riemenscheiben, Schellen, usw. Erw\u00e4rmung von Vorrichtungen vor dem H\u00e4rten, F\u00fcgen, L\u00f6ten und Schwei\u00dfen. Verwendung f\u00fcr Arbeiten wie Gas-, Propan-Sauerstoff- und Acetylen-Sauerstoff-Brenner.<\/p>\n<p>MAGNUM POWER HEATER XL ist ein sehr effizientes und leistungsstarkes Heizger\u00e4t. Dank des Einsatzes eines verst\u00e4rkten 100kHz-Transformators hat das Ger\u00e4t eine Leistung von bis zu 3kVA. Diese L\u00f6sung erh\u00f6ht die Leistung um bis zu 100 % im Vergleich zum Vorg\u00e4ngermodell. Damit ist der POWER HEATER XL das leistungsst\u00e4rkste 230V-Heizger\u00e4t auf dem heutigen Markt.<\/p>\n","protected":false},"excerpt":{"rendered":"<p>Magnum\u2122<br \/>\nPower Heater XL 3 kVA<br \/>\n230V<br \/>\nMagnum Power Heater XL 3kVA<br \/>\nArbeitsgriff &#8211; 2,6 Meter<br \/>\nVerschiedene Aufs\u00e4tze &#8211; 7 Stk.<br \/>\nMehrsprachiges Handbuch<br \/>\n2 Jahre Garantie<br \/>\nQualit\u00e4tsgarantie f\u00fcr <\/p>\n","protected":false},"featured_media":4387,"comment_status":"open","ping_status":"closed","template":"","meta":{"site-sidebar-layout":"default","site-content-layout":"","ast-site-content-layout":"","site-content-style":"default","site-sidebar-style":"default","ast-global-header-display":"","ast-banner-title-visibility":"","ast-main-header-display":"","ast-hfb-above-header-display":"","ast-hfb-below-header-display":"","ast-hfb-mobile-header-display":"","site-post-title":"","ast-breadcrumbs-content":"","ast-featured-img":"","footer-sml-layout":"","theme-transparent-header-meta":"","adv-header-id-meta":"","stick-header-meta":"","header-above-stick-meta":"","header-main-stick-meta":"","header-below-stick-meta":"","astra-migrate-meta-layouts":"default","ast-page-background-enabled":"default","ast-page-background-meta":{"desktop":{"background-color":"var(--ast-global-color-4)","background-image":"","background-repeat":"repeat","background-position":"center center","background-size":"auto","background-attachment":"scroll","background-type":"","background-media":"","overlay-type":"","overlay-color":"","overlay-opacity":"","overlay-gradient":""},"tablet":{"background-color":"","background-image":"","background-repeat":"repeat","background-position":"center center","background-size":"auto","background-attachment":"scroll","background-type":"","background-media":"","overlay-type":"","overlay-color":"","overlay-opacity":"","overlay-gradient":""},"mobile":{"background-color":"","background-image":"","background-repeat":"repeat","background-position":"center center","background-size":"auto","background-attachment":"scroll","background-type":"","background-media":"","overlay-type":"","overlay-color":"","overlay-opacity":"","overlay-gradient":""}},"ast-content-background-meta":{"desktop":{"background-color":"var(--ast-global-color-5)","background-image":"","background-repeat":"repeat","background-position":"center center","background-size":"auto","background-attachment":"scroll","background-type":"","background-media":"","overlay-type":"","overlay-color":"","overlay-opacity":"","overlay-gradient":""},"tablet":{"background-color":"var(--ast-global-color-5)","background-image":"","background-repeat":"repeat","background-position":"center center","background-size":"auto","background-attachment":"scroll","background-type":"","background-media":"","overlay-type":"","overlay-color":"","overlay-opacity":"","overlay-gradient":""},"mobile":{"background-color":"var(--ast-global-color-5)","background-image":"","background-repeat":"repeat","background-position":"center center","background-size":"auto","background-attachment":"scroll","background-type":"","background-media":"","overlay-type":"","overlay-color":"","overlay-opacity":"","overlay-gradient":""}}},"product_cat":[42],"product_tag":[],"class_list":{"0":"post-16032","1":"product","2":"type-product","3":"status-publish","4":"has-post-thumbnail","6":"product_cat-induktionsheizgeraete","7":"desktop-align-left","8":"tablet-align-left","9":"mobile-align-left","11":"first","12":"instock","13":"shipping-taxable","14":"purchasable","15":"product-type-simple"},"_links":{"self":[{"href":"https:\/\/best.brandpixel.eu\/index.php?rest_route=\/wp\/v2\/product\/16032","targetHints":{"allow":["GET"]}}],"collection":[{"href":"https:\/\/best.brandpixel.eu\/index.php?rest_route=\/wp\/v2\/product"}],"about":[{"href":"https:\/\/best.brandpixel.eu\/index.php?rest_route=\/wp\/v2\/types\/product"}],"replies":[{"embeddable":true,"href":"https:\/\/best.brandpixel.eu\/index.php?rest_route=%2Fwp%2Fv2%2Fcomments&post=16032"}],"wp:featuredmedia":[{"embeddable":true,"href":"https:\/\/best.brandpixel.eu\/index.php?rest_route=\/wp\/v2\/media\/4387"}],"wp:attachment":[{"href":"https:\/\/best.brandpixel.eu\/index.php?rest_route=%2Fwp%2Fv2%2Fmedia&parent=16032"}],"wp:term":[{"taxonomy":"product_cat","embeddable":true,"href":"https:\/\/best.brandpixel.eu\/index.php?rest_route=%2Fwp%2Fv2%2Fproduct_cat&post=16032"},{"taxonomy":"product_tag","embeddable":true,"href":"https:\/\/best.brandpixel.eu\/index.php?rest_route=%2Fwp%2Fv2%2Fproduct_tag&post=16032"}],"curies":[{"name":"wp","href":"https:\/\/api.w.org\/{rel}","templated":true}]}}