{"id":16015,"date":"2024-10-30T18:56:11","date_gmt":"2024-10-30T17:56:11","guid":{"rendered":"https:\/\/best.brandpixel.eu\/?post_type=product&#038;p=16015"},"modified":"2024-10-30T18:56:11","modified_gmt":"2024-10-30T17:56:11","slug":"magnum-schneidbrenner-schneiden-55cm-propan-acetylen-sauerstoff-sicherungen","status":"publish","type":"product","link":"https:\/\/best.brandpixel.eu\/?product=magnum-schneidbrenner-schneiden-55cm-propan-acetylen-sauerstoff-sicherungen","title":{"rendered":"Magnum\u2122 Schneidbrenner Schneiden 55cm Propan, Acetylen, Sauerstoff + Sicherungen"},"content":{"rendered":"<p>Der Brenner MAGNUM PC250A\/P ist ein Brenner ohne Einspritzd\u00fcse (mit D\u00fcsenmischung), bei dem die Gasmischung direkt in der D\u00fcse erfolgt, wodurch das Risiko eines Flammenr\u00fcckschlags vermieden wird. Der Brenner wird zum Brennschneiden von Kohlenstoff- und niedrig legierten Baust\u00e4hlen und Schrott verwendet. Es ist auch m\u00f6glich, verwandte Arbeiten wie Heizen, Gerben usw. durchzuf\u00fchren.<\/p>\n<p>Je nach Art der verwendeten Schneidd\u00fcsen kann der Brenner mit Gas betrieben werden: Sauerstoff + Propan-Butan oder Sauerstoff + Acetylen.<\/p>\n<p>Der Brenner ist mit PNME- und ANME-Blockd\u00fcsen kompatibel.<\/p>\n<p>ANME-Acetylend\u00fcsen:<\/p>\n<p>ANME Nr. 2 Schnittbereich: 5 &#8211; 10 mm<br \/>\nANME Nr. 3 Schnittbereich: 10 &#8211; 30 mm<br \/>\nANME Nr. 4 Schnittbereich: 30 &#8211; 60 mm<br \/>\nANME Nr. 5 Schnittbereich: 60 &#8211; 100 mm<br \/>\nANME Nr. 6 Schnittbereich: 100 &#8211; 300 mm<\/p>\n<p>PNME-Propangasd\u00fcsen:<\/p>\n<p>PNME Nr. 1 Schnittbereich:  1 &#8211; 5 mm<br \/>\nPNME Nr. 2 Schnittbereich: 5 &#8211; 10 mm<br \/>\nPNME Nr. 3 Schnittbereich: 10 &#8211; 30 mm<br \/>\nPNME Nr. 4 Schnittbereich: 30 &#8211; 60 mm<br \/>\nPNME Nr. 5 Schnittbereich: 60 &#8211; 100 mm<br \/>\nPNME Nr. 6 Schnittbereich: 100 &#8211; 300 mm<\/p>\n","protected":false},"excerpt":{"rendered":"<p>Schneidbrenner<br \/>\n55cm<br \/>\nSchneidbrenner 55cm<br \/>\nBrennersicherungen: 1x Sauerstoff (FA-04-O)<br \/>\nund 1x Acetylen (FA-04-A)<br \/>\nPNME-D\u00fcse (10-30 mm)<br \/>\nANME-D\u00fcse (10-30 mm)<br \/>\n2 Jahre Garantie<\/p>\n","protected":false},"featured_media":4355,"comment_status":"open","ping_status":"closed","template":"","meta":{"site-sidebar-layout":"default","site-content-layout":"","ast-site-content-layout":"","site-content-style":"default","site-sidebar-style":"default","ast-global-header-display":"","ast-banner-title-visibility":"","ast-main-header-display":"","ast-hfb-above-header-display":"","ast-hfb-below-header-display":"","ast-hfb-mobile-header-display":"","site-post-title":"","ast-breadcrumbs-content":"","ast-featured-img":"","footer-sml-layout":"","theme-transparent-header-meta":"","adv-header-id-meta":"","stick-header-meta":"","header-above-stick-meta":"","header-main-stick-meta":"","header-below-stick-meta":"","astra-migrate-meta-layouts":"default","ast-page-background-enabled":"default","ast-page-background-meta":{"desktop":{"background-color":"var(--ast-global-color-4)","background-image":"","background-repeat":"repeat","background-position":"center center","background-size":"auto","background-attachment":"scroll","background-type":"","background-media":"","overlay-type":"","overlay-color":"","overlay-opacity":"","overlay-gradient":""},"tablet":{"background-color":"","background-image":"","background-repeat":"repeat","background-position":"center center","background-size":"auto","background-attachment":"scroll","background-type":"","background-media":"","overlay-type":"","overlay-color":"","overlay-opacity":"","overlay-gradient":""},"mobile":{"background-color":"","background-image":"","background-repeat":"repeat","background-position":"center center","background-size":"auto","background-attachment":"scroll","background-type":"","background-media":"","overlay-type":"","overlay-color":"","overlay-opacity":"","overlay-gradient":""}},"ast-content-background-meta":{"desktop":{"background-color":"var(--ast-global-color-5)","background-image":"","background-repeat":"repeat","background-position":"center center","background-size":"auto","background-attachment":"scroll","background-type":"","background-media":"","overlay-type":"","overlay-color":"","overlay-opacity":"","overlay-gradient":""},"tablet":{"background-color":"var(--ast-global-color-5)","background-image":"","background-repeat":"repeat","background-position":"center center","background-size":"auto","background-attachment":"scroll","background-type":"","background-media":"","overlay-type":"","overlay-color":"","overlay-opacity":"","overlay-gradient":""},"mobile":{"background-color":"var(--ast-global-color-5)","background-image":"","background-repeat":"repeat","background-position":"center center","background-size":"auto","background-attachment":"scroll","background-type":"","background-media":"","overlay-type":"","overlay-color":"","overlay-opacity":"","overlay-gradient":""}}},"product_cat":[37],"product_tag":[],"class_list":{"0":"post-16015","1":"product","2":"type-product","3":"status-publish","4":"has-post-thumbnail","6":"product_cat-gasschneidbrenner","7":"desktop-align-left","8":"tablet-align-left","9":"mobile-align-left","11":"first","12":"instock","13":"shipping-taxable","14":"purchasable","15":"product-type-simple"},"_links":{"self":[{"href":"https:\/\/best.brandpixel.eu\/index.php?rest_route=\/wp\/v2\/product\/16015","targetHints":{"allow":["GET"]}}],"collection":[{"href":"https:\/\/best.brandpixel.eu\/index.php?rest_route=\/wp\/v2\/product"}],"about":[{"href":"https:\/\/best.brandpixel.eu\/index.php?rest_route=\/wp\/v2\/types\/product"}],"replies":[{"embeddable":true,"href":"https:\/\/best.brandpixel.eu\/index.php?rest_route=%2Fwp%2Fv2%2Fcomments&post=16015"}],"wp:featuredmedia":[{"embeddable":true,"href":"https:\/\/best.brandpixel.eu\/index.php?rest_route=\/wp\/v2\/media\/4355"}],"wp:attachment":[{"href":"https:\/\/best.brandpixel.eu\/index.php?rest_route=%2Fwp%2Fv2%2Fmedia&parent=16015"}],"wp:term":[{"taxonomy":"product_cat","embeddable":true,"href":"https:\/\/best.brandpixel.eu\/index.php?rest_route=%2Fwp%2Fv2%2Fproduct_cat&post=16015"},{"taxonomy":"product_tag","embeddable":true,"href":"https:\/\/best.brandpixel.eu\/index.php?rest_route=%2Fwp%2Fv2%2Fproduct_tag&post=16015"}],"curies":[{"name":"wp","href":"https:\/\/api.w.org\/{rel}","templated":true}]}}