{"id":16011,"date":"2024-10-30T18:56:08","date_gmt":"2024-10-30T17:56:08","guid":{"rendered":"https:\/\/best.brandpixel.eu\/?post_type=product&#038;p=16011"},"modified":"2024-10-30T18:56:10","modified_gmt":"2024-10-30T17:56:10","slug":"gce-base-reduzierer-druckregler-argon-co2-sauerstoff-acetylen-stickstoff-propan","status":"publish","type":"product","link":"https:\/\/best.brandpixel.eu\/?product=gce-base-reduzierer-druckregler-argon-co2-sauerstoff-acetylen-stickstoff-propan","title":{"rendered":"GCE\u00ae BASE Reduzierer Druckregler Argon\/Co2 Sauerstoff Acetylen Stickstoff Propan"},"content":{"rendered":"<p>1. ZYLINDERANSCHLUSS Gasspezifischer Eingangsanschluss wird bei jeder Version der GCE BaseControl\u00ae verwendet. Hochwertige Dichtfl\u00e4chen und eine Messingmutter gew\u00e4hrleisten eine gasdichte Verbindung mit dem Flaschenventil. <\/p>\n<p>2. EINLADUNGSSPINDEL Die Einlassspindel ist aus Messing gefertigt. Er ist f\u00fcr einen Eingangsdruck von bis zu 230 bar ausgelegt und enth\u00e4lt einen Sinterfilter f\u00fcr hohe Dr\u00fccke. <\/p>\n<p>3. DRUCKENTLASTUNGSVENTIL Das Druckentlastungsventil (PRV) ist eine Sicherheitseinrichtung, die die Niederdruckkammer des Reglers vor \u00dcberdruck aus der Hochdruckkammer sch\u00fctzt. Das PRV entl\u00e4sst den Druck aus dem Regler, der im Falle einer St\u00f6rung oder eines Unfalls den eingestellten Sicherheitswert \u00fcberschreiten k\u00f6nnte. <\/p>\n<p>4. AUSGANGSANSCHLUSS Der Ausgang des GCE BaseControl\u00ae ist vorbereitet, um eine gasdichte Verbindung mit einer Ausgangsr\u00fcckschlagsicherung oder einem Schlauchnippel herzustellen. <\/p>\n<p>5. HANDRAD Ergonomisches Kunststoffhandrad, mit dem der Bediener den Ausgangsdruck oder die Durchflussmenge korrekt einstellen kann. Das Druckregulierungssystem erm\u00f6glicht die Einstellung der optimalen Auslassparameter je nach Anwendungsanforderung. <\/p>\n<p>6. DRUCKMANAGER Sowohl das Hoch- als auch das Niederdruckmanometer zeigen den Wert auf drei Skalen an: bar, kPa (Kilopascal) und psi (Pound per Square Inch). Der Anschluss am Reglergeh\u00e4use ist G1\/4&#8243;. Die Manometer mit einem Durchmesser von 50 mm entsprechen der Norm ISO 5171. <\/p>\n<p>7. GEH\u00c4USE UND BONNET Das Geh\u00e4use des GCE BaseControl\u00ae ist aus druckfestem Messing geschmiedet. Die Kan\u00e4le und Fl\u00e4chen im Inneren des Geh\u00e4uses werden mit modernsten CNC-Maschinen und Werkzeugen bearbeitet. Die Haube wird im Druckgussverfahren aus einer Zn-Al-Legierung hergestellt, um optimalen Platz f\u00fcr das Druckregelsystem und andere interne Komponenten zu schaffen. Die Verbindung zwischen Geh\u00e4use und Haube ist so konzipiert, dass sie eine hohe Widerstandsf\u00e4higkeit gegen \u00e4u\u00dfere und innere Belastungen aufweist.<\/p>\n","protected":false},"excerpt":{"rendered":"<p>Druckminderer<br \/>\nGCE\u00ae BaseControl<\/p>\n","protected":false},"featured_media":4345,"comment_status":"open","ping_status":"closed","template":"","meta":{"site-sidebar-layout":"default","site-content-layout":"","ast-site-content-layout":"","site-content-style":"default","site-sidebar-style":"default","ast-global-header-display":"","ast-banner-title-visibility":"","ast-main-header-display":"","ast-hfb-above-header-display":"","ast-hfb-below-header-display":"","ast-hfb-mobile-header-display":"","site-post-title":"","ast-breadcrumbs-content":"","ast-featured-img":"","footer-sml-layout":"","theme-transparent-header-meta":"","adv-header-id-meta":"","stick-header-meta":"","header-above-stick-meta":"","header-main-stick-meta":"","header-below-stick-meta":"","astra-migrate-meta-layouts":"default","ast-page-background-enabled":"default","ast-page-background-meta":{"desktop":{"background-color":"var(--ast-global-color-4)","background-image":"","background-repeat":"repeat","background-position":"center center","background-size":"auto","background-attachment":"scroll","background-type":"","background-media":"","overlay-type":"","overlay-color":"","overlay-opacity":"","overlay-gradient":""},"tablet":{"background-color":"","background-image":"","background-repeat":"repeat","background-position":"center center","background-size":"auto","background-attachment":"scroll","background-type":"","background-media":"","overlay-type":"","overlay-color":"","overlay-opacity":"","overlay-gradient":""},"mobile":{"background-color":"","background-image":"","background-repeat":"repeat","background-position":"center center","background-size":"auto","background-attachment":"scroll","background-type":"","background-media":"","overlay-type":"","overlay-color":"","overlay-opacity":"","overlay-gradient":""}},"ast-content-background-meta":{"desktop":{"background-color":"var(--ast-global-color-5)","background-image":"","background-repeat":"repeat","background-position":"center center","background-size":"auto","background-attachment":"scroll","background-type":"","background-media":"","overlay-type":"","overlay-color":"","overlay-opacity":"","overlay-gradient":""},"tablet":{"background-color":"var(--ast-global-color-5)","background-image":"","background-repeat":"repeat","background-position":"center center","background-size":"auto","background-attachment":"scroll","background-type":"","background-media":"","overlay-type":"","overlay-color":"","overlay-opacity":"","overlay-gradient":""},"mobile":{"background-color":"var(--ast-global-color-5)","background-image":"","background-repeat":"repeat","background-position":"center center","background-size":"auto","background-attachment":"scroll","background-type":"","background-media":"","overlay-type":"","overlay-color":"","overlay-opacity":"","overlay-gradient":""}}},"product_cat":[32],"product_tag":[],"class_list":{"0":"post-16011","1":"product","2":"type-product","3":"status-publish","4":"has-post-thumbnail","6":"product_cat-druckminderer","7":"desktop-align-left","8":"tablet-align-left","9":"mobile-align-left","11":"first","12":"instock","13":"shipping-taxable","14":"purchasable","15":"product-type-variable"},"_links":{"self":[{"href":"https:\/\/best.brandpixel.eu\/index.php?rest_route=\/wp\/v2\/product\/16011","targetHints":{"allow":["GET"]}}],"collection":[{"href":"https:\/\/best.brandpixel.eu\/index.php?rest_route=\/wp\/v2\/product"}],"about":[{"href":"https:\/\/best.brandpixel.eu\/index.php?rest_route=\/wp\/v2\/types\/product"}],"replies":[{"embeddable":true,"href":"https:\/\/best.brandpixel.eu\/index.php?rest_route=%2Fwp%2Fv2%2Fcomments&post=16011"}],"wp:featuredmedia":[{"embeddable":true,"href":"https:\/\/best.brandpixel.eu\/index.php?rest_route=\/wp\/v2\/media\/4345"}],"wp:attachment":[{"href":"https:\/\/best.brandpixel.eu\/index.php?rest_route=%2Fwp%2Fv2%2Fmedia&parent=16011"}],"wp:term":[{"taxonomy":"product_cat","embeddable":true,"href":"https:\/\/best.brandpixel.eu\/index.php?rest_route=%2Fwp%2Fv2%2Fproduct_cat&post=16011"},{"taxonomy":"product_tag","embeddable":true,"href":"https:\/\/best.brandpixel.eu\/index.php?rest_route=%2Fwp%2Fv2%2Fproduct_tag&post=16011"}],"curies":[{"name":"wp","href":"https:\/\/api.w.org\/{rel}","templated":true}]}}