{"id":16003,"date":"2024-10-30T18:56:03","date_gmt":"2024-10-30T17:56:03","guid":{"rendered":"https:\/\/best.brandpixel.eu\/?post_type=product&#038;p=16003"},"modified":"2024-10-30T18:56:08","modified_gmt":"2024-10-30T17:56:08","slug":"gce-reduzierer-druckregler-argon-co2-sauerstoff-acetylen-stickstoff-propan","status":"publish","type":"product","link":"https:\/\/best.brandpixel.eu\/?product=gce-reduzierer-druckregler-argon-co2-sauerstoff-acetylen-stickstoff-propan","title":{"rendered":"GCE\u00ae Reduzierer Druckregler Argon\/Co2 Sauerstoff Acetylen Stickstoff Propan"},"content":{"rendered":"<p>Bei den einstufigen Flaschenreglern des Typs RB handelt es sich um hebellose Regler mit variabler Ausgangsdruckregelung. Diese Regler erm\u00f6glichen es, den Druck der aus der Flasche entnommenen Gase auf den erforderlichen Ausgangsdruck (Arbeitsdruck) zu reduzieren und sorgen daf\u00fcr, dass dieser Druck automatisch so konstant wie m\u00f6glich gehalten wird, unabh\u00e4ngig von \u00c4nderungen des Eingangsdrucks. RB-Regler sind f\u00fcr folgende Gase geeignet: Sauerstoff, Acetylen, Wasserstoff, Druckluft, Stickstoff, Kohlendioxid, Argon, Helium und Propan-Butan.<\/p>\n<p>Die Regulatoren sind ausgestattet mit Sicherheitsventile, durch die \u00fcbersch\u00fcssiges Gas aus dem Ausgangsdruckraum nach au\u00dfen abgelassen wird, wenn der Ausgangsdruck \u00fcber den zul\u00e4ssigen Wert ansteigt. Die Regler haben ein einheitliches Design, aber je nach Je nach Gasart, f\u00fcr die sie bestimmt sind, haben sie unterschiedliche Innen- und Anschlussma\u00dfe. <\/p>\n<p>EIGENSCHAFTEN<\/p>\n<p>&#8211; Leistungsstarker Druckminderer f\u00fcr alle g\u00e4ngigen Anwendungen von technischen Gasen<br \/>\n&#8211; Sichere Bauart gem\u00e4\u00df der Norm ISO 2503<br \/>\n&#8211; Robuster Manometer-Schutz mit r\u00fcckseitiger Abdeckung, um Schmutz und Besch\u00e4digungen zu vermeiden<br \/>\n&#8211; Verl\u00e4ngerte Lebensdauer, die Einsparungen in Bezug auf Service, Ersatzteile und vollst\u00e4ndigen Austausch bringt<br \/>\n&#8211; Gekapseltes Regelventil f\u00fcr stabile und genaue Parametereinstellung<br \/>\n&#8211; Einfache Bedienung dank ergonomischem Design<br \/>\n&#8211; Manometer mit einer Genauigkeit gem\u00e4\u00df der Norm ISO 5171, einem Kontrastzeiger und Skalen in den drei am h\u00e4ufigsten verwendeten Einheiten f\u00fcr eine bessere Gasdruckkontrolle <\/p>\n<p>HAUTVORTEILE<\/p>\n<p>&#8211; Hervorragende Ausgangsdruckstabilit\u00e4t<br \/>\n&#8211; Ergonomisches und robustes Design<br \/>\n&#8211; Hohe Leistung<br \/>\n&#8211; Hervorragende Parameter<br \/>\n&#8211; Sicherheit bei der Arbeit mit Sauerstoff<br \/>\n&#8211; Ersatzteilverf\u00fcgbarkeit<br \/>\n&#8211; Verf\u00fcgbare Varianten f\u00fcr alle Industriegase in Druckflaschen mit einem F\u00fclldruck von max. 300 bar<br \/>\n&#8211; Erh\u00e4ltliches Zubeh\u00f6r &#8211; R\u00fcckschlagsicherung, Gassparmodus<br \/>\n&#8211; Geeignet f\u00fcr alle g\u00e4ngigen Anwendungen technischer Gase aus Druckflaschen<br \/>\n&#8211; Konform mit Normen EN ISO 2503, ISO 5171, ISO 9536, ISO 9090, ISO 5145<\/p>\n","protected":false},"excerpt":{"rendered":"<p>Druckminderer<br \/>\nGCE\u00ae ProControl<\/p>\n","protected":false},"featured_media":4324,"comment_status":"open","ping_status":"closed","template":"","meta":{"site-sidebar-layout":"default","site-content-layout":"","ast-site-content-layout":"","site-content-style":"default","site-sidebar-style":"default","ast-global-header-display":"","ast-banner-title-visibility":"","ast-main-header-display":"","ast-hfb-above-header-display":"","ast-hfb-below-header-display":"","ast-hfb-mobile-header-display":"","site-post-title":"","ast-breadcrumbs-content":"","ast-featured-img":"","footer-sml-layout":"","theme-transparent-header-meta":"","adv-header-id-meta":"","stick-header-meta":"","header-above-stick-meta":"","header-main-stick-meta":"","header-below-stick-meta":"","astra-migrate-meta-layouts":"default","ast-page-background-enabled":"default","ast-page-background-meta":{"desktop":{"background-color":"var(--ast-global-color-4)","background-image":"","background-repeat":"repeat","background-position":"center center","background-size":"auto","background-attachment":"scroll","background-type":"","background-media":"","overlay-type":"","overlay-color":"","overlay-opacity":"","overlay-gradient":""},"tablet":{"background-color":"","background-image":"","background-repeat":"repeat","background-position":"center center","background-size":"auto","background-attachment":"scroll","background-type":"","background-media":"","overlay-type":"","overlay-color":"","overlay-opacity":"","overlay-gradient":""},"mobile":{"background-color":"","background-image":"","background-repeat":"repeat","background-position":"center center","background-size":"auto","background-attachment":"scroll","background-type":"","background-media":"","overlay-type":"","overlay-color":"","overlay-opacity":"","overlay-gradient":""}},"ast-content-background-meta":{"desktop":{"background-color":"var(--ast-global-color-5)","background-image":"","background-repeat":"repeat","background-position":"center center","background-size":"auto","background-attachment":"scroll","background-type":"","background-media":"","overlay-type":"","overlay-color":"","overlay-opacity":"","overlay-gradient":""},"tablet":{"background-color":"var(--ast-global-color-5)","background-image":"","background-repeat":"repeat","background-position":"center center","background-size":"auto","background-attachment":"scroll","background-type":"","background-media":"","overlay-type":"","overlay-color":"","overlay-opacity":"","overlay-gradient":""},"mobile":{"background-color":"var(--ast-global-color-5)","background-image":"","background-repeat":"repeat","background-position":"center center","background-size":"auto","background-attachment":"scroll","background-type":"","background-media":"","overlay-type":"","overlay-color":"","overlay-opacity":"","overlay-gradient":""}}},"product_cat":[32],"product_tag":[],"class_list":{"0":"post-16003","1":"product","2":"type-product","3":"status-publish","4":"has-post-thumbnail","6":"product_cat-druckminderer","7":"desktop-align-left","8":"tablet-align-left","9":"mobile-align-left","11":"first","12":"instock","13":"shipping-taxable","14":"purchasable","15":"product-type-variable"},"_links":{"self":[{"href":"https:\/\/best.brandpixel.eu\/index.php?rest_route=\/wp\/v2\/product\/16003","targetHints":{"allow":["GET"]}}],"collection":[{"href":"https:\/\/best.brandpixel.eu\/index.php?rest_route=\/wp\/v2\/product"}],"about":[{"href":"https:\/\/best.brandpixel.eu\/index.php?rest_route=\/wp\/v2\/types\/product"}],"replies":[{"embeddable":true,"href":"https:\/\/best.brandpixel.eu\/index.php?rest_route=%2Fwp%2Fv2%2Fcomments&post=16003"}],"wp:featuredmedia":[{"embeddable":true,"href":"https:\/\/best.brandpixel.eu\/index.php?rest_route=\/wp\/v2\/media\/4324"}],"wp:attachment":[{"href":"https:\/\/best.brandpixel.eu\/index.php?rest_route=%2Fwp%2Fv2%2Fmedia&parent=16003"}],"wp:term":[{"taxonomy":"product_cat","embeddable":true,"href":"https:\/\/best.brandpixel.eu\/index.php?rest_route=%2Fwp%2Fv2%2Fproduct_cat&post=16003"},{"taxonomy":"product_tag","embeddable":true,"href":"https:\/\/best.brandpixel.eu\/index.php?rest_route=%2Fwp%2Fv2%2Fproduct_tag&post=16003"}],"curies":[{"name":"wp","href":"https:\/\/api.w.org\/{rel}","templated":true}]}}