{"id":15999,"date":"2024-10-30T18:56:00","date_gmt":"2024-10-30T17:56:00","guid":{"rendered":"https:\/\/best.brandpixel.eu\/?post_type=product&#038;p=15999"},"modified":"2024-10-30T18:56:01","modified_gmt":"2024-10-30T17:56:01","slug":"best-reduzierer-40-bar-druckregler-stickstoff-klimaanlage-dichtheitspruefung","status":"publish","type":"product","link":"https:\/\/best.brandpixel.eu\/?product=best-reduzierer-40-bar-druckregler-stickstoff-klimaanlage-dichtheitspruefung","title":{"rendered":"BEST\u2122 Reduzierer 40 bar Druckregler Stickstoff Klimaanlage Dichtheitspr\u00fcfung"},"content":{"rendered":"<p>Der Regler ist mit leicht ablesbaren Manometern und einer gro\u00dfen, soliden Konstruktion ausgestattet, die die bei der Gasausdehnung entstehenden niedrigen Temperaturen gut ableitet.<\/p>\n<p>Der einstufige Gasflaschenregler ist ein hebelloser Regler mit variabler Durchflussregelung.<\/p>\n<p>Der Regler erm\u00f6glicht die Reduzierung des Drucks der aus der Flasche entnommenen Gase auf den erforderlichen Ausgangsdruck (Arbeitsdruck) und gew\u00e4hrleistet einen konstanten Gasfluss unabh\u00e4ngig von Schwankungen des Eingangsdrucks. Der Regler ist mit einem Sicherheitsventil ausgestattet, durch das \u00fcbersch\u00fcssiges Gas aus der Ausgangsdruckkammer abgelassen wird, wenn der Ausgangsdruck \u00fcber den zul\u00e4ssigen Wert ansteigt.<\/p>\n<p>Anwendung: Zum Pr\u00fcfen von Anlagen in der K\u00e4lte- und Klimatechnik in der Vulkanisation zur Reifenbef\u00fcllung<\/p>\n","protected":false},"excerpt":{"rendered":"<p>Druckminderer<br \/>\nmit 2 Manometer<br \/>\nStickstoff<\/p>\n","protected":false},"featured_media":4302,"comment_status":"open","ping_status":"closed","template":"","meta":{"site-sidebar-layout":"default","site-content-layout":"","ast-site-content-layout":"","site-content-style":"default","site-sidebar-style":"default","ast-global-header-display":"","ast-banner-title-visibility":"","ast-main-header-display":"","ast-hfb-above-header-display":"","ast-hfb-below-header-display":"","ast-hfb-mobile-header-display":"","site-post-title":"","ast-breadcrumbs-content":"","ast-featured-img":"","footer-sml-layout":"","theme-transparent-header-meta":"","adv-header-id-meta":"","stick-header-meta":"","header-above-stick-meta":"","header-main-stick-meta":"","header-below-stick-meta":"","astra-migrate-meta-layouts":"default","ast-page-background-enabled":"default","ast-page-background-meta":{"desktop":{"background-color":"var(--ast-global-color-4)","background-image":"","background-repeat":"repeat","background-position":"center center","background-size":"auto","background-attachment":"scroll","background-type":"","background-media":"","overlay-type":"","overlay-color":"","overlay-opacity":"","overlay-gradient":""},"tablet":{"background-color":"","background-image":"","background-repeat":"repeat","background-position":"center center","background-size":"auto","background-attachment":"scroll","background-type":"","background-media":"","overlay-type":"","overlay-color":"","overlay-opacity":"","overlay-gradient":""},"mobile":{"background-color":"","background-image":"","background-repeat":"repeat","background-position":"center center","background-size":"auto","background-attachment":"scroll","background-type":"","background-media":"","overlay-type":"","overlay-color":"","overlay-opacity":"","overlay-gradient":""}},"ast-content-background-meta":{"desktop":{"background-color":"var(--ast-global-color-5)","background-image":"","background-repeat":"repeat","background-position":"center center","background-size":"auto","background-attachment":"scroll","background-type":"","background-media":"","overlay-type":"","overlay-color":"","overlay-opacity":"","overlay-gradient":""},"tablet":{"background-color":"var(--ast-global-color-5)","background-image":"","background-repeat":"repeat","background-position":"center center","background-size":"auto","background-attachment":"scroll","background-type":"","background-media":"","overlay-type":"","overlay-color":"","overlay-opacity":"","overlay-gradient":""},"mobile":{"background-color":"var(--ast-global-color-5)","background-image":"","background-repeat":"repeat","background-position":"center center","background-size":"auto","background-attachment":"scroll","background-type":"","background-media":"","overlay-type":"","overlay-color":"","overlay-opacity":"","overlay-gradient":""}}},"product_cat":[32],"product_tag":[],"class_list":{"0":"post-15999","1":"product","2":"type-product","3":"status-publish","4":"has-post-thumbnail","6":"product_cat-druckminderer","7":"desktop-align-left","8":"tablet-align-left","9":"mobile-align-left","11":"first","12":"instock","13":"shipping-taxable","14":"purchasable","15":"product-type-simple"},"_links":{"self":[{"href":"https:\/\/best.brandpixel.eu\/index.php?rest_route=\/wp\/v2\/product\/15999","targetHints":{"allow":["GET"]}}],"collection":[{"href":"https:\/\/best.brandpixel.eu\/index.php?rest_route=\/wp\/v2\/product"}],"about":[{"href":"https:\/\/best.brandpixel.eu\/index.php?rest_route=\/wp\/v2\/types\/product"}],"replies":[{"embeddable":true,"href":"https:\/\/best.brandpixel.eu\/index.php?rest_route=%2Fwp%2Fv2%2Fcomments&post=15999"}],"wp:featuredmedia":[{"embeddable":true,"href":"https:\/\/best.brandpixel.eu\/index.php?rest_route=\/wp\/v2\/media\/4302"}],"wp:attachment":[{"href":"https:\/\/best.brandpixel.eu\/index.php?rest_route=%2Fwp%2Fv2%2Fmedia&parent=15999"}],"wp:term":[{"taxonomy":"product_cat","embeddable":true,"href":"https:\/\/best.brandpixel.eu\/index.php?rest_route=%2Fwp%2Fv2%2Fproduct_cat&post=15999"},{"taxonomy":"product_tag","embeddable":true,"href":"https:\/\/best.brandpixel.eu\/index.php?rest_route=%2Fwp%2Fv2%2Fproduct_tag&post=15999"}],"curies":[{"name":"wp","href":"https:\/\/api.w.org\/{rel}","templated":true}]}}