{"id":15981,"date":"2024-10-30T18:55:51","date_gmt":"2024-10-30T17:55:51","guid":{"rendered":"https:\/\/best.brandpixel.eu\/?post_type=product&#038;p=15981"},"modified":"2024-10-30T18:55:53","modified_gmt":"2024-10-30T17:55:53","slug":"perun-reduzierer-druckregler-argon-co2-sauerstoff-acetylen-stickstoff","status":"publish","type":"product","link":"https:\/\/best.brandpixel.eu\/?product=perun-reduzierer-druckregler-argon-co2-sauerstoff-acetylen-stickstoff","title":{"rendered":"Perun\u2122 Reduzierer Druckregler Argon\/Co2 Sauerstoff Acetylen Stickstoff"},"content":{"rendered":"<p>Bei den einstufigen Flaschenreglern des Typs RB handelt es sich um hebellose Regler mit variabler Ausgangsdruckregelung. Diese Regler erm\u00f6glichen es, den Druck der aus der Flasche entnommenen Gase auf den erforderlichen Ausgangsdruck (Arbeitsdruck) zu reduzieren und sorgen daf\u00fcr, dass dieser Druck automatisch so konstant wie m\u00f6glich gehalten wird, unabh\u00e4ngig von \u00c4nderungen des Eingangsdrucks. RB-Regler sind f\u00fcr folgende Gase geeignet: Sauerstoff, Acetylen, Wasserstoff, Druckluft, Stickstoff, Kohlendioxid, Argon, Helium und Propan-Butan.<\/p>\n<p>Die Regulatoren sind ausgestattet mit Sicherheitsventile, durch die \u00fcbersch\u00fcssiges Gas aus dem Ausgangsdruckraum nach au\u00dfen abgelassen wird, wenn der Ausgangsdruck \u00fcber den zul\u00e4ssigen Wert ansteigt. Die Regler haben ein einheitliches Design, aber je nach Je nach Gasart, f\u00fcr die sie bestimmt sind, haben sie unterschiedliche Innen- und Anschlussma\u00dfe.<\/p>\n","protected":false},"excerpt":{"rendered":"<p>Druckminderer<br \/>\nPerun<\/p>\n","protected":false},"featured_media":4244,"comment_status":"open","ping_status":"closed","template":"","meta":{"site-sidebar-layout":"default","site-content-layout":"","ast-site-content-layout":"","site-content-style":"default","site-sidebar-style":"default","ast-global-header-display":"","ast-banner-title-visibility":"","ast-main-header-display":"","ast-hfb-above-header-display":"","ast-hfb-below-header-display":"","ast-hfb-mobile-header-display":"","site-post-title":"","ast-breadcrumbs-content":"","ast-featured-img":"","footer-sml-layout":"","theme-transparent-header-meta":"","adv-header-id-meta":"","stick-header-meta":"","header-above-stick-meta":"","header-main-stick-meta":"","header-below-stick-meta":"","astra-migrate-meta-layouts":"default","ast-page-background-enabled":"default","ast-page-background-meta":{"desktop":{"background-color":"var(--ast-global-color-4)","background-image":"","background-repeat":"repeat","background-position":"center center","background-size":"auto","background-attachment":"scroll","background-type":"","background-media":"","overlay-type":"","overlay-color":"","overlay-opacity":"","overlay-gradient":""},"tablet":{"background-color":"","background-image":"","background-repeat":"repeat","background-position":"center center","background-size":"auto","background-attachment":"scroll","background-type":"","background-media":"","overlay-type":"","overlay-color":"","overlay-opacity":"","overlay-gradient":""},"mobile":{"background-color":"","background-image":"","background-repeat":"repeat","background-position":"center center","background-size":"auto","background-attachment":"scroll","background-type":"","background-media":"","overlay-type":"","overlay-color":"","overlay-opacity":"","overlay-gradient":""}},"ast-content-background-meta":{"desktop":{"background-color":"var(--ast-global-color-5)","background-image":"","background-repeat":"repeat","background-position":"center center","background-size":"auto","background-attachment":"scroll","background-type":"","background-media":"","overlay-type":"","overlay-color":"","overlay-opacity":"","overlay-gradient":""},"tablet":{"background-color":"var(--ast-global-color-5)","background-image":"","background-repeat":"repeat","background-position":"center center","background-size":"auto","background-attachment":"scroll","background-type":"","background-media":"","overlay-type":"","overlay-color":"","overlay-opacity":"","overlay-gradient":""},"mobile":{"background-color":"var(--ast-global-color-5)","background-image":"","background-repeat":"repeat","background-position":"center center","background-size":"auto","background-attachment":"scroll","background-type":"","background-media":"","overlay-type":"","overlay-color":"","overlay-opacity":"","overlay-gradient":""}}},"product_cat":[32],"product_tag":[],"class_list":{"0":"post-15981","1":"product","2":"type-product","3":"status-publish","4":"has-post-thumbnail","6":"product_cat-druckminderer","7":"desktop-align-left","8":"tablet-align-left","9":"mobile-align-left","11":"first","12":"instock","13":"shipping-taxable","14":"purchasable","15":"product-type-variable"},"_links":{"self":[{"href":"https:\/\/best.brandpixel.eu\/index.php?rest_route=\/wp\/v2\/product\/15981","targetHints":{"allow":["GET"]}}],"collection":[{"href":"https:\/\/best.brandpixel.eu\/index.php?rest_route=\/wp\/v2\/product"}],"about":[{"href":"https:\/\/best.brandpixel.eu\/index.php?rest_route=\/wp\/v2\/types\/product"}],"replies":[{"embeddable":true,"href":"https:\/\/best.brandpixel.eu\/index.php?rest_route=%2Fwp%2Fv2%2Fcomments&post=15981"}],"wp:featuredmedia":[{"embeddable":true,"href":"https:\/\/best.brandpixel.eu\/index.php?rest_route=\/wp\/v2\/media\/4244"}],"wp:attachment":[{"href":"https:\/\/best.brandpixel.eu\/index.php?rest_route=%2Fwp%2Fv2%2Fmedia&parent=15981"}],"wp:term":[{"taxonomy":"product_cat","embeddable":true,"href":"https:\/\/best.brandpixel.eu\/index.php?rest_route=%2Fwp%2Fv2%2Fproduct_cat&post=15981"},{"taxonomy":"product_tag","embeddable":true,"href":"https:\/\/best.brandpixel.eu\/index.php?rest_route=%2Fwp%2Fv2%2Fproduct_tag&post=15981"}],"curies":[{"name":"wp","href":"https:\/\/api.w.org\/{rel}","templated":true}]}}