{"id":15979,"date":"2024-10-30T18:55:49","date_gmt":"2024-10-30T17:55:49","guid":{"rendered":"https:\/\/best.brandpixel.eu\/?post_type=product&#038;p=15979"},"modified":"2024-10-30T18:55:49","modified_gmt":"2024-10-30T17:55:49","slug":"best-reduzierer-druckregler-argon-co2-druckminderer-flowmeter-rotameter-luft","status":"publish","type":"product","link":"https:\/\/best.brandpixel.eu\/?product=best-reduzierer-druckregler-argon-co2-druckminderer-flowmeter-rotameter-luft","title":{"rendered":"BEST\u2122 Reduzierer Druckregler Argon\/Co2 Druckminderer Flowmeter Rotameter Luft"},"content":{"rendered":"<p>Dieses Reduzierst\u00fcck erm\u00f6glicht es, den Druck der aus dem Zylinder entnommenen Gase auf den erforderlichen Ausgangsdruck zu reduzieren und diesen Druck unabh\u00e4ngig von \u00c4nderungen des Eingangsdrucks auf einem konstanten Niveau zu halten.<\/p>\n<p>Das Reduzierst\u00fcck ist mit einem Sicherheitsventil ausgestattet, das das \u00fcbersch\u00fcssige Gas nach au\u00dfen abgibt, wenn der Ausgangsdruck den zul\u00e4ssigen Grenzwert \u00fcberschreitet. Der Reduzierer ist ein professionelles, zuverl\u00e4ssiges, solides und langlebiges Ger\u00e4t von sehr hoher Qualit\u00e4t.<\/p>\n<p>&#8211; Stufenlos einstellbarer Gasfluss, unabh\u00e4ngig vom Flaschendruck<br \/>\n&#8211; Ventil erm\u00f6glicht pr\u00e4zise Durchflusseinstellung<br \/>\n&#8211; Pr\u00e4zisions-Nadelventil<br \/>\n&#8211; Einfache Ablesung des Durchflusses auf dem Rotameter<br \/>\n&#8211; Anzeige des Flaschendrucks auf dem Manometer sichtbar<br \/>\n&#8211; Deutliche bar\/psi-Manometeranzeige<br \/>\n&#8211; Flaschendruckmanometer mit Skala bis 250 bar<\/p>\n","protected":false},"excerpt":{"rendered":"<p>Druckminderer<br \/>\nArgon \/ Co2 \/ Luft<\/p>\n","protected":false},"featured_media":4236,"comment_status":"open","ping_status":"closed","template":"","meta":{"site-sidebar-layout":"default","site-content-layout":"","ast-site-content-layout":"","site-content-style":"default","site-sidebar-style":"default","ast-global-header-display":"","ast-banner-title-visibility":"","ast-main-header-display":"","ast-hfb-above-header-display":"","ast-hfb-below-header-display":"","ast-hfb-mobile-header-display":"","site-post-title":"","ast-breadcrumbs-content":"","ast-featured-img":"","footer-sml-layout":"","theme-transparent-header-meta":"","adv-header-id-meta":"","stick-header-meta":"","header-above-stick-meta":"","header-main-stick-meta":"","header-below-stick-meta":"","astra-migrate-meta-layouts":"default","ast-page-background-enabled":"default","ast-page-background-meta":{"desktop":{"background-color":"var(--ast-global-color-4)","background-image":"","background-repeat":"repeat","background-position":"center center","background-size":"auto","background-attachment":"scroll","background-type":"","background-media":"","overlay-type":"","overlay-color":"","overlay-opacity":"","overlay-gradient":""},"tablet":{"background-color":"","background-image":"","background-repeat":"repeat","background-position":"center center","background-size":"auto","background-attachment":"scroll","background-type":"","background-media":"","overlay-type":"","overlay-color":"","overlay-opacity":"","overlay-gradient":""},"mobile":{"background-color":"","background-image":"","background-repeat":"repeat","background-position":"center center","background-size":"auto","background-attachment":"scroll","background-type":"","background-media":"","overlay-type":"","overlay-color":"","overlay-opacity":"","overlay-gradient":""}},"ast-content-background-meta":{"desktop":{"background-color":"var(--ast-global-color-5)","background-image":"","background-repeat":"repeat","background-position":"center center","background-size":"auto","background-attachment":"scroll","background-type":"","background-media":"","overlay-type":"","overlay-color":"","overlay-opacity":"","overlay-gradient":""},"tablet":{"background-color":"var(--ast-global-color-5)","background-image":"","background-repeat":"repeat","background-position":"center center","background-size":"auto","background-attachment":"scroll","background-type":"","background-media":"","overlay-type":"","overlay-color":"","overlay-opacity":"","overlay-gradient":""},"mobile":{"background-color":"var(--ast-global-color-5)","background-image":"","background-repeat":"repeat","background-position":"center center","background-size":"auto","background-attachment":"scroll","background-type":"","background-media":"","overlay-type":"","overlay-color":"","overlay-opacity":"","overlay-gradient":""}}},"product_cat":[32],"product_tag":[],"class_list":{"0":"post-15979","1":"product","2":"type-product","3":"status-publish","4":"has-post-thumbnail","6":"product_cat-druckminderer","7":"desktop-align-left","8":"tablet-align-left","9":"mobile-align-left","11":"first","12":"instock","13":"shipping-taxable","14":"purchasable","15":"product-type-simple"},"_links":{"self":[{"href":"https:\/\/best.brandpixel.eu\/index.php?rest_route=\/wp\/v2\/product\/15979","targetHints":{"allow":["GET"]}}],"collection":[{"href":"https:\/\/best.brandpixel.eu\/index.php?rest_route=\/wp\/v2\/product"}],"about":[{"href":"https:\/\/best.brandpixel.eu\/index.php?rest_route=\/wp\/v2\/types\/product"}],"replies":[{"embeddable":true,"href":"https:\/\/best.brandpixel.eu\/index.php?rest_route=%2Fwp%2Fv2%2Fcomments&post=15979"}],"wp:featuredmedia":[{"embeddable":true,"href":"https:\/\/best.brandpixel.eu\/index.php?rest_route=\/wp\/v2\/media\/4236"}],"wp:attachment":[{"href":"https:\/\/best.brandpixel.eu\/index.php?rest_route=%2Fwp%2Fv2%2Fmedia&parent=15979"}],"wp:term":[{"taxonomy":"product_cat","embeddable":true,"href":"https:\/\/best.brandpixel.eu\/index.php?rest_route=%2Fwp%2Fv2%2Fproduct_cat&post=15979"},{"taxonomy":"product_tag","embeddable":true,"href":"https:\/\/best.brandpixel.eu\/index.php?rest_route=%2Fwp%2Fv2%2Fproduct_tag&post=15979"}],"curies":[{"name":"wp","href":"https:\/\/api.w.org\/{rel}","templated":true}]}}