{"id":15951,"date":"2024-10-30T18:55:33","date_gmt":"2024-10-30T17:55:33","guid":{"rendered":"https:\/\/best.brandpixel.eu\/?post_type=product&#038;p=15951"},"modified":"2024-10-30T18:55:33","modified_gmt":"2024-10-30T17:55:33","slug":"fachowiec-1420nm-3-4-komposit-pneumatisch-schlagschrauber-druckluftschrauber","status":"publish","type":"product","link":"https:\/\/best.brandpixel.eu\/?product=fachowiec-1420nm-3-4-komposit-pneumatisch-schlagschrauber-druckluftschrauber","title":{"rendered":"Fachowiec\u2122 1420Nm 3\/4&#8243; Komposit Pneumatisch Schlagschrauber Druckluftschrauber"},"content":{"rendered":"<p>Ein pneumatischer Schlagschrauber 3\/4&#8243; 1420 Nm aus der FACH RED-Serie von Profiwerkzeugen f\u00fcr Kunden, die eine Qualit\u00e4tsausr\u00fcstung zu einem attraktiven Preis suchen.<\/p>\n<p>Der Schraubenschl\u00fcssel hat eine ergonomische Form und ein geringes Gewicht, was einen hohen Komfort f\u00fcr den Bediener gew\u00e4hrleistet. Das Werkzeug ist aus Leichtmetalllegierungen gefertigt, hat einen Turbinenantrieb mit einstellbarer Drehzahl.<\/p>\n<p>Der wichtigste Vorteil dieses Modells ist das moderne TWIN HAMMER-Schlagwerk (zwei H\u00e4mmer), das eine h\u00f6here Effizienz des Schl\u00fcssels, eine bessere Schmierung des Werkzeugs und eine einfachere Wartung des Schl\u00fcssels gew\u00e4hrleistet. Das Werkzeug ist in der Automobil-, Maschinenbau-, Bau- und Schiffbauindustrie weit verbreitet.<\/p>\n<p>Vorteile:<br \/>\n&#8211; Hohes Drehmoment 1420Nm,<br \/>\n&#8211; Geringes Gewicht,<br \/>\n&#8211; Komposit-Geh\u00e4use,<br \/>\n&#8211; Schlagwerk mit TWIN HAMMER Doppelhammer,<br \/>\n&#8211; Ger\u00e4usch und vibrationsarm,<br \/>\n&#8211; Langlebiger und zuverl\u00e4ssiger Rotormechanismus,<br \/>\n&#8211; zus\u00e4tzlicher Griff,<br \/>\n&#8211; reversible Rotation,<br \/>\n&#8211; Drehmomentkontrolle<\/p>\n<p>Spezifikation:<\/p>\n<p>Max. Drehmoment\t1420 [Nm]<br \/>\nUmdrehungen pro Minute\t7 000 [r.p.m]<br \/>\nAnschlussart\t3\/4&#8243;<br \/>\nGeschwindigkeitskontrolle\t2-stufiger Ausl\u00f6ser<br \/>\nDrehrichtung\tLinks \/ Rechts<br \/>\nGer\u00e4uschemission \t92-97 [dBA]<br \/>\nSchwingungspegel (ohne Last)\t4,45 [m\/s2]<br \/>\nLuftverbrauch\t155 [l\/min]<br \/>\nMaximaler Druck\t6,2 [bar]<br \/>\nAnschluss [Innengewinde]\t1\/4&#8243;<br \/>\nMin. Leitungsdurchmesser\t10 [mm]<br \/>\nGewicht\t2,30 [kg]<\/p>\n","protected":false},"excerpt":{"rendered":"<p>Schlagschrauber<br \/>\n1420Nm<br \/>\nPneumatik Schlagschrauber 3\/4&#8243; RED 1420Nm<br \/>\nPneumatischer Stecker<br \/>\nBox<br \/>\nBetriebsanleitung<br \/>\n2 Jahre Garantie<\/p>\n","protected":false},"featured_media":4167,"comment_status":"open","ping_status":"closed","template":"","meta":{"site-sidebar-layout":"default","site-content-layout":"","ast-site-content-layout":"","site-content-style":"default","site-sidebar-style":"default","ast-global-header-display":"","ast-banner-title-visibility":"","ast-main-header-display":"","ast-hfb-above-header-display":"","ast-hfb-below-header-display":"","ast-hfb-mobile-header-display":"","site-post-title":"","ast-breadcrumbs-content":"","ast-featured-img":"","footer-sml-layout":"","theme-transparent-header-meta":"","adv-header-id-meta":"","stick-header-meta":"","header-above-stick-meta":"","header-main-stick-meta":"","header-below-stick-meta":"","astra-migrate-meta-layouts":"default","ast-page-background-enabled":"default","ast-page-background-meta":{"desktop":{"background-color":"var(--ast-global-color-4)","background-image":"","background-repeat":"repeat","background-position":"center center","background-size":"auto","background-attachment":"scroll","background-type":"","background-media":"","overlay-type":"","overlay-color":"","overlay-opacity":"","overlay-gradient":""},"tablet":{"background-color":"","background-image":"","background-repeat":"repeat","background-position":"center center","background-size":"auto","background-attachment":"scroll","background-type":"","background-media":"","overlay-type":"","overlay-color":"","overlay-opacity":"","overlay-gradient":""},"mobile":{"background-color":"","background-image":"","background-repeat":"repeat","background-position":"center center","background-size":"auto","background-attachment":"scroll","background-type":"","background-media":"","overlay-type":"","overlay-color":"","overlay-opacity":"","overlay-gradient":""}},"ast-content-background-meta":{"desktop":{"background-color":"var(--ast-global-color-5)","background-image":"","background-repeat":"repeat","background-position":"center center","background-size":"auto","background-attachment":"scroll","background-type":"","background-media":"","overlay-type":"","overlay-color":"","overlay-opacity":"","overlay-gradient":""},"tablet":{"background-color":"var(--ast-global-color-5)","background-image":"","background-repeat":"repeat","background-position":"center center","background-size":"auto","background-attachment":"scroll","background-type":"","background-media":"","overlay-type":"","overlay-color":"","overlay-opacity":"","overlay-gradient":""},"mobile":{"background-color":"var(--ast-global-color-5)","background-image":"","background-repeat":"repeat","background-position":"center center","background-size":"auto","background-attachment":"scroll","background-type":"","background-media":"","overlay-type":"","overlay-color":"","overlay-opacity":"","overlay-gradient":""}}},"product_cat":[34],"product_tag":[],"class_list":{"0":"post-15951","1":"product","2":"type-product","3":"status-publish","4":"has-post-thumbnail","6":"product_cat-schlagschrauber","7":"desktop-align-left","8":"tablet-align-left","9":"mobile-align-left","11":"first","12":"instock","13":"shipping-taxable","14":"purchasable","15":"product-type-simple"},"_links":{"self":[{"href":"https:\/\/best.brandpixel.eu\/index.php?rest_route=\/wp\/v2\/product\/15951","targetHints":{"allow":["GET"]}}],"collection":[{"href":"https:\/\/best.brandpixel.eu\/index.php?rest_route=\/wp\/v2\/product"}],"about":[{"href":"https:\/\/best.brandpixel.eu\/index.php?rest_route=\/wp\/v2\/types\/product"}],"replies":[{"embeddable":true,"href":"https:\/\/best.brandpixel.eu\/index.php?rest_route=%2Fwp%2Fv2%2Fcomments&post=15951"}],"wp:featuredmedia":[{"embeddable":true,"href":"https:\/\/best.brandpixel.eu\/index.php?rest_route=\/wp\/v2\/media\/4167"}],"wp:attachment":[{"href":"https:\/\/best.brandpixel.eu\/index.php?rest_route=%2Fwp%2Fv2%2Fmedia&parent=15951"}],"wp:term":[{"taxonomy":"product_cat","embeddable":true,"href":"https:\/\/best.brandpixel.eu\/index.php?rest_route=%2Fwp%2Fv2%2Fproduct_cat&post=15951"},{"taxonomy":"product_tag","embeddable":true,"href":"https:\/\/best.brandpixel.eu\/index.php?rest_route=%2Fwp%2Fv2%2Fproduct_tag&post=15951"}],"curies":[{"name":"wp","href":"https:\/\/api.w.org\/{rel}","templated":true}]}}