{"id":15950,"date":"2024-10-30T18:55:32","date_gmt":"2024-10-30T17:55:32","guid":{"rendered":"https:\/\/best.brandpixel.eu\/?post_type=product&#038;p=15950"},"modified":"2024-10-30T18:55:32","modified_gmt":"2024-10-30T17:55:32","slug":"magnum-1200nm-1-2-druckluft-pneumatisch-schlagschrauber-druckluftschrauber","status":"publish","type":"product","link":"https:\/\/best.brandpixel.eu\/?product=magnum-1200nm-1-2-druckluft-pneumatisch-schlagschrauber-druckluftschrauber","title":{"rendered":"Magnum\u2122 1200Nm 1\/2&#8243; Druckluft Pneumatisch Schlagschrauber Druckluftschrauber"},"content":{"rendered":"<p>MAGNUM professioneller pneumatischer Schlagschrauber mit 1200 Nm in einem Koffer mit Steckschl\u00fcssel. Der beste und st\u00e4rkste Schraubenschl\u00fcssel in dieser Preisklasse. Ein leistungsstarkes Twin-Hammer-Schlagwerk und eine dreistufige Regulierung der Anzugskraft machen diesen Schraubenschl\u00fcssel zu einem unentbehrlichen Helfer f\u00fcr jeden Mechaniker, Vulkaniseur und Servicetechniker. Die hohe Qualit\u00e4t der verwendeten Komponenten in Kombination mit bew\u00e4hrten Technologien machen den Schraubenschl\u00fcssel stark und zuverl\u00e4ssig.<\/p>\n<p>Der Schraubenschl\u00fcssel wird mit einem Satz Steckschl\u00fcssel, einer Verl\u00e4ngerung, einem \u00d6ler und einem Stecker geliefert und ist somit ein ideales Geschenk f\u00fcr alle, die ihre Werkstattausr\u00fcstung gerade vervollst\u00e4ndigen.<\/p>\n","protected":false},"excerpt":{"rendered":"<p>Schlagschrauber<br \/>\n1200Nm<br \/>\nPneumatik Schlagschrauber Magnum FD-3600KC<br \/>\nSchlageins\u00e4tze: 9, 10, 11, 13, 14, 17, 19, 22, 24, 27 mm<br \/>\nVerl\u00e4ngerungsst\u00fcck: 125 mm<br \/>\nWerkzeug\u00f6ler<br \/>\n\u00d6l f\u00fcr Druckluftwerkzeuge: LDAA-100 10ml<br \/>\nStecker f\u00fcr Schnellkupplung<br \/>\n2 Jahre Garantie<\/p>\n","protected":false},"featured_media":0,"comment_status":"open","ping_status":"closed","template":"","meta":{"site-sidebar-layout":"default","site-content-layout":"","ast-site-content-layout":"","site-content-style":"default","site-sidebar-style":"default","ast-global-header-display":"","ast-banner-title-visibility":"","ast-main-header-display":"","ast-hfb-above-header-display":"","ast-hfb-below-header-display":"","ast-hfb-mobile-header-display":"","site-post-title":"","ast-breadcrumbs-content":"","ast-featured-img":"","footer-sml-layout":"","theme-transparent-header-meta":"","adv-header-id-meta":"","stick-header-meta":"","header-above-stick-meta":"","header-main-stick-meta":"","header-below-stick-meta":"","astra-migrate-meta-layouts":"default","ast-page-background-enabled":"default","ast-page-background-meta":{"desktop":{"background-color":"var(--ast-global-color-4)","background-image":"","background-repeat":"repeat","background-position":"center center","background-size":"auto","background-attachment":"scroll","background-type":"","background-media":"","overlay-type":"","overlay-color":"","overlay-opacity":"","overlay-gradient":""},"tablet":{"background-color":"","background-image":"","background-repeat":"repeat","background-position":"center center","background-size":"auto","background-attachment":"scroll","background-type":"","background-media":"","overlay-type":"","overlay-color":"","overlay-opacity":"","overlay-gradient":""},"mobile":{"background-color":"","background-image":"","background-repeat":"repeat","background-position":"center center","background-size":"auto","background-attachment":"scroll","background-type":"","background-media":"","overlay-type":"","overlay-color":"","overlay-opacity":"","overlay-gradient":""}},"ast-content-background-meta":{"desktop":{"background-color":"var(--ast-global-color-5)","background-image":"","background-repeat":"repeat","background-position":"center center","background-size":"auto","background-attachment":"scroll","background-type":"","background-media":"","overlay-type":"","overlay-color":"","overlay-opacity":"","overlay-gradient":""},"tablet":{"background-color":"var(--ast-global-color-5)","background-image":"","background-repeat":"repeat","background-position":"center center","background-size":"auto","background-attachment":"scroll","background-type":"","background-media":"","overlay-type":"","overlay-color":"","overlay-opacity":"","overlay-gradient":""},"mobile":{"background-color":"var(--ast-global-color-5)","background-image":"","background-repeat":"repeat","background-position":"center center","background-size":"auto","background-attachment":"scroll","background-type":"","background-media":"","overlay-type":"","overlay-color":"","overlay-opacity":"","overlay-gradient":""}}},"product_cat":[34],"product_tag":[],"class_list":{"0":"post-15950","1":"product","2":"type-product","3":"status-publish","5":"product_cat-schlagschrauber","6":"desktop-align-left","7":"tablet-align-left","8":"mobile-align-left","10":"first","11":"instock","12":"shipping-taxable","13":"purchasable","14":"product-type-simple"},"_links":{"self":[{"href":"https:\/\/best.brandpixel.eu\/index.php?rest_route=\/wp\/v2\/product\/15950","targetHints":{"allow":["GET"]}}],"collection":[{"href":"https:\/\/best.brandpixel.eu\/index.php?rest_route=\/wp\/v2\/product"}],"about":[{"href":"https:\/\/best.brandpixel.eu\/index.php?rest_route=\/wp\/v2\/types\/product"}],"replies":[{"embeddable":true,"href":"https:\/\/best.brandpixel.eu\/index.php?rest_route=%2Fwp%2Fv2%2Fcomments&post=15950"}],"wp:attachment":[{"href":"https:\/\/best.brandpixel.eu\/index.php?rest_route=%2Fwp%2Fv2%2Fmedia&parent=15950"}],"wp:term":[{"taxonomy":"product_cat","embeddable":true,"href":"https:\/\/best.brandpixel.eu\/index.php?rest_route=%2Fwp%2Fv2%2Fproduct_cat&post=15950"},{"taxonomy":"product_tag","embeddable":true,"href":"https:\/\/best.brandpixel.eu\/index.php?rest_route=%2Fwp%2Fv2%2Fproduct_tag&post=15950"}],"curies":[{"name":"wp","href":"https:\/\/api.w.org\/{rel}","templated":true}]}}