{"id":15947,"date":"2024-10-30T18:55:30","date_gmt":"2024-10-30T17:55:30","guid":{"rendered":"https:\/\/best.brandpixel.eu\/?post_type=product&#038;p=15947"},"modified":"2024-10-30T18:55:30","modified_gmt":"2024-10-30T17:55:30","slug":"fachowiec-1090nm-1-2-druckluft-pneumatisch-schlagschrauber-druckluftschrauber","status":"publish","type":"product","link":"https:\/\/best.brandpixel.eu\/?product=fachowiec-1090nm-1-2-druckluft-pneumatisch-schlagschrauber-druckluftschrauber","title":{"rendered":"Fachowiec\u2122 1090Nm 1\/2&#8243; Druckluft Pneumatisch Schlagschrauber Druckluftschrauber"},"content":{"rendered":"<p>QS604C pneumatischer Schlagschrauber f\u00fcr Kunden, die eine qualitativ hochwertige Ausr\u00fcstung zu einem attraktiven Preis suchen. Das Werkzeug besteht aus Verbundfasern und Leichtmetalllegierungen, Turbinenantrieb mit einstellbarer Drehzahl. Der Schl\u00fcssel ist leicht, ergonomisch und leise, und die Arbeit mit ihm verursacht keine Unannehmlichkeiten.<\/p>\n<p>Das Werkzeug ist in der Automobil-, Maschinenbau- und Bauindustrie weit verbreitet. Das Ger\u00e4t hat die F\u00e4higkeit, die Drehrichtung (links \/ rechts) zu \u00e4ndern, und 4-stufige Leistungsregelung.<\/p>\n<p>Der wichtigste Vorteil dieses Modells ist das moderne TWIN HAMMER-Schlagwerk (zwei H\u00e4mmer), das eine h\u00f6here Effizienz des Schl\u00fcssels, eine bessere Schmierung des Werkzeugs und eine einfachere Wartung des Schl\u00fcssels gew\u00e4hrleistet.<\/p>\n<p>Vorteile:<br \/>\n&#8211; Hohes Drehmoment 1090Nm,<br \/>\n&#8211; Geringes Gewicht,<br \/>\n&#8211; Komposit-Geh\u00e4use,<br \/>\n&#8211; Schlagwerk mit TWIN HAMMER Doppelhammer,<br \/>\n&#8211; Ger\u00e4usch und vibrationsarm<\/p>\n<p>Spezifikation:<\/p>\n<p>Max. Drehmoment\t1090 [Nm]<br \/>\nUmdrehungen pro Minute\t6 000 [r.p.m]<br \/>\nAnschlussart\t1\/2&#8243;<br \/>\nEinstellung des Drehmoments\t4 Grad<br \/>\nDrehrichtung\tLinks \/ Rechts<br \/>\nGer\u00e4uschemission \t80-90 [dBA]<br \/>\nSchwingungspegel (ohne Last)\t<2,5 [m\/s2]\nLuftverbrauch\t650 [l\/min]\nMaximaler Druck\t6,2 [bar]\nAnschluss [Innengewinde]\t1\/4\"\nMin. Leitungsdurchmesser\t8 [mm]\nGewicht\t2,2 [kg]\n<\/p>\n","protected":false},"excerpt":{"rendered":"<p>Schlagschrauber<br \/>\n1090Nm<br \/>\nPneumatik Schlagschrauber QS-604C<br \/>\nPneumatischer Stecker<br \/>\nBox<br \/>\nBetriebsanleitung<br \/>\n2 Jahre Garantie<\/p>\n","protected":false},"featured_media":4149,"comment_status":"open","ping_status":"closed","template":"","meta":{"site-sidebar-layout":"default","site-content-layout":"","ast-site-content-layout":"","site-content-style":"default","site-sidebar-style":"default","ast-global-header-display":"","ast-banner-title-visibility":"","ast-main-header-display":"","ast-hfb-above-header-display":"","ast-hfb-below-header-display":"","ast-hfb-mobile-header-display":"","site-post-title":"","ast-breadcrumbs-content":"","ast-featured-img":"","footer-sml-layout":"","theme-transparent-header-meta":"","adv-header-id-meta":"","stick-header-meta":"","header-above-stick-meta":"","header-main-stick-meta":"","header-below-stick-meta":"","astra-migrate-meta-layouts":"default","ast-page-background-enabled":"default","ast-page-background-meta":{"desktop":{"background-color":"var(--ast-global-color-4)","background-image":"","background-repeat":"repeat","background-position":"center center","background-size":"auto","background-attachment":"scroll","background-type":"","background-media":"","overlay-type":"","overlay-color":"","overlay-opacity":"","overlay-gradient":""},"tablet":{"background-color":"","background-image":"","background-repeat":"repeat","background-position":"center center","background-size":"auto","background-attachment":"scroll","background-type":"","background-media":"","overlay-type":"","overlay-color":"","overlay-opacity":"","overlay-gradient":""},"mobile":{"background-color":"","background-image":"","background-repeat":"repeat","background-position":"center center","background-size":"auto","background-attachment":"scroll","background-type":"","background-media":"","overlay-type":"","overlay-color":"","overlay-opacity":"","overlay-gradient":""}},"ast-content-background-meta":{"desktop":{"background-color":"var(--ast-global-color-5)","background-image":"","background-repeat":"repeat","background-position":"center center","background-size":"auto","background-attachment":"scroll","background-type":"","background-media":"","overlay-type":"","overlay-color":"","overlay-opacity":"","overlay-gradient":""},"tablet":{"background-color":"var(--ast-global-color-5)","background-image":"","background-repeat":"repeat","background-position":"center center","background-size":"auto","background-attachment":"scroll","background-type":"","background-media":"","overlay-type":"","overlay-color":"","overlay-opacity":"","overlay-gradient":""},"mobile":{"background-color":"var(--ast-global-color-5)","background-image":"","background-repeat":"repeat","background-position":"center center","background-size":"auto","background-attachment":"scroll","background-type":"","background-media":"","overlay-type":"","overlay-color":"","overlay-opacity":"","overlay-gradient":""}}},"product_cat":[34],"product_tag":[],"class_list":{"0":"post-15947","1":"product","2":"type-product","3":"status-publish","4":"has-post-thumbnail","6":"product_cat-schlagschrauber","7":"desktop-align-left","8":"tablet-align-left","9":"mobile-align-left","11":"first","12":"instock","13":"shipping-taxable","14":"purchasable","15":"product-type-simple"},"_links":{"self":[{"href":"https:\/\/best.brandpixel.eu\/index.php?rest_route=\/wp\/v2\/product\/15947","targetHints":{"allow":["GET"]}}],"collection":[{"href":"https:\/\/best.brandpixel.eu\/index.php?rest_route=\/wp\/v2\/product"}],"about":[{"href":"https:\/\/best.brandpixel.eu\/index.php?rest_route=\/wp\/v2\/types\/product"}],"replies":[{"embeddable":true,"href":"https:\/\/best.brandpixel.eu\/index.php?rest_route=%2Fwp%2Fv2%2Fcomments&post=15947"}],"wp:featuredmedia":[{"embeddable":true,"href":"https:\/\/best.brandpixel.eu\/index.php?rest_route=\/wp\/v2\/media\/4149"}],"wp:attachment":[{"href":"https:\/\/best.brandpixel.eu\/index.php?rest_route=%2Fwp%2Fv2%2Fmedia&parent=15947"}],"wp:term":[{"taxonomy":"product_cat","embeddable":true,"href":"https:\/\/best.brandpixel.eu\/index.php?rest_route=%2Fwp%2Fv2%2Fproduct_cat&post=15947"},{"taxonomy":"product_tag","embeddable":true,"href":"https:\/\/best.brandpixel.eu\/index.php?rest_route=%2Fwp%2Fv2%2Fproduct_tag&post=15947"}],"curies":[{"name":"wp","href":"https:\/\/api.w.org\/{rel}","templated":true}]}}