{"id":15946,"date":"2024-10-30T18:55:29","date_gmt":"2024-10-30T17:55:29","guid":{"rendered":"https:\/\/best.brandpixel.eu\/?post_type=product&#038;p=15946"},"modified":"2024-10-30T18:55:29","modified_gmt":"2024-10-30T17:55:29","slug":"fachowiec-650nm-1-2-druckluft-pneumatisch-schlagschrauber-druckluftschrauber","status":"publish","type":"product","link":"https:\/\/best.brandpixel.eu\/?product=fachowiec-650nm-1-2-druckluft-pneumatisch-schlagschrauber-druckluftschrauber","title":{"rendered":"Fachowiec\u2122 650Nm 1\/2&#8243; Druckluft Pneumatisch Schlagschrauber Druckluftschrauber"},"content":{"rendered":"<p>FACH UT-5044 1\/2&#8243; Profi-Schlagschrauber ist ideal f\u00fcr Kfz-Werkst\u00e4tten und f\u00fcr den Hobbybereich, Haus und Garten. Das Werkzeug ist aus Leichtmetalllegierungen hergestellt. Der Schl\u00fcssel ist leicht, ergonomisch und leise, und die Arbeit mit ihm verursacht keine Unannehmlichkeiten.<\/p>\n<p>Das Werkzeug verf\u00fcgt \u00fcber eine Links\/Rechts-Drehzahlregelung und eine Drehmomentregelung.<\/p>\n<p>Der Schraubenschl\u00fcssel ist mit einem Twin-Hammer-Mechanismus ausgestattet, der aus zwei H\u00e4mmern besteht, die sich in einem geschlossenen System um die Spindel drehen. Diese L\u00f6sung erm\u00f6glicht es, bereits bei den ersten Umdrehungen des Rotors ein enormes Drehmoment zu erreichen, da beide H\u00e4mmer gleichzeitig von beiden Seiten anschlagen k\u00f6nnen. Dar\u00fcber hinaus erm\u00f6glicht das robuste, ergonomische Geh\u00e4use in Verbindung mit der idealen Gewichtsverteilung ein noch effizienteres Arbeiten.<\/p>\n<p>Vorteile:<br \/>\n&#8211; geringes Gewicht des Ger\u00e4ts<br \/>\n&#8211; niedriger Ger\u00e4usch- und Vibrationspegel<br \/>\n&#8211; Robuster Rotormechanismus<br \/>\n&#8211; Ergonomisches und robustes Geh\u00e4use f\u00fcr einen festen und soliden Griff<br \/>\n&#8211; Hohes Drehmoment von 650Nm<br \/>\n&#8211; TWIN HAMMER Doppelhammerschlagwerk<\/p>\n<p>Spezifikation:<\/p>\n<p>Max. Drehmoment        650 [Nm]<br \/>\nUmdrehungen pro Minute        7 500 [r.p.m]<br \/>\nAnschlussart        1\/2&#8243;<br \/>\nEinstellung des Drehmoments        5 Grad<br \/>\nDrehrichtung        Links \/ Rechts<br \/>\nGer\u00e4uschemission         97 [dBA]<br \/>\nSchwingungspegel (ohne Last)        <2,5 [m\/s2]\nLuftverbrauch        510 [l\/min]\nMaximaler Druck        6,2 [bar]\nAnschluss [Innengewinde]        1\/4\"\nMin. Leitungsdurchmesser        8 [mm]\nGewicht        2,63 [kg]\n<\/p>\n","protected":false},"excerpt":{"rendered":"<p>Schlagschrauber<br \/>\n650Nm<br \/>\nPneumatik Schlagschrauber FACH UT-5044<br \/>\nPneumatischer Stecker<br \/>\nBox<br \/>\nBetriebsanleitung<br \/>\n2 Jahre Garantie<\/p>\n","protected":false},"featured_media":4145,"comment_status":"open","ping_status":"closed","template":"","meta":{"site-sidebar-layout":"default","site-content-layout":"","ast-site-content-layout":"","site-content-style":"default","site-sidebar-style":"default","ast-global-header-display":"","ast-banner-title-visibility":"","ast-main-header-display":"","ast-hfb-above-header-display":"","ast-hfb-below-header-display":"","ast-hfb-mobile-header-display":"","site-post-title":"","ast-breadcrumbs-content":"","ast-featured-img":"","footer-sml-layout":"","theme-transparent-header-meta":"","adv-header-id-meta":"","stick-header-meta":"","header-above-stick-meta":"","header-main-stick-meta":"","header-below-stick-meta":"","astra-migrate-meta-layouts":"default","ast-page-background-enabled":"default","ast-page-background-meta":{"desktop":{"background-color":"var(--ast-global-color-4)","background-image":"","background-repeat":"repeat","background-position":"center center","background-size":"auto","background-attachment":"scroll","background-type":"","background-media":"","overlay-type":"","overlay-color":"","overlay-opacity":"","overlay-gradient":""},"tablet":{"background-color":"","background-image":"","background-repeat":"repeat","background-position":"center center","background-size":"auto","background-attachment":"scroll","background-type":"","background-media":"","overlay-type":"","overlay-color":"","overlay-opacity":"","overlay-gradient":""},"mobile":{"background-color":"","background-image":"","background-repeat":"repeat","background-position":"center center","background-size":"auto","background-attachment":"scroll","background-type":"","background-media":"","overlay-type":"","overlay-color":"","overlay-opacity":"","overlay-gradient":""}},"ast-content-background-meta":{"desktop":{"background-color":"var(--ast-global-color-5)","background-image":"","background-repeat":"repeat","background-position":"center center","background-size":"auto","background-attachment":"scroll","background-type":"","background-media":"","overlay-type":"","overlay-color":"","overlay-opacity":"","overlay-gradient":""},"tablet":{"background-color":"var(--ast-global-color-5)","background-image":"","background-repeat":"repeat","background-position":"center center","background-size":"auto","background-attachment":"scroll","background-type":"","background-media":"","overlay-type":"","overlay-color":"","overlay-opacity":"","overlay-gradient":""},"mobile":{"background-color":"var(--ast-global-color-5)","background-image":"","background-repeat":"repeat","background-position":"center center","background-size":"auto","background-attachment":"scroll","background-type":"","background-media":"","overlay-type":"","overlay-color":"","overlay-opacity":"","overlay-gradient":""}}},"product_cat":[34],"product_tag":[],"class_list":{"0":"post-15946","1":"product","2":"type-product","3":"status-publish","4":"has-post-thumbnail","6":"product_cat-schlagschrauber","7":"desktop-align-left","8":"tablet-align-left","9":"mobile-align-left","11":"first","12":"instock","13":"shipping-taxable","14":"purchasable","15":"product-type-simple"},"_links":{"self":[{"href":"https:\/\/best.brandpixel.eu\/index.php?rest_route=\/wp\/v2\/product\/15946","targetHints":{"allow":["GET"]}}],"collection":[{"href":"https:\/\/best.brandpixel.eu\/index.php?rest_route=\/wp\/v2\/product"}],"about":[{"href":"https:\/\/best.brandpixel.eu\/index.php?rest_route=\/wp\/v2\/types\/product"}],"replies":[{"embeddable":true,"href":"https:\/\/best.brandpixel.eu\/index.php?rest_route=%2Fwp%2Fv2%2Fcomments&post=15946"}],"wp:featuredmedia":[{"embeddable":true,"href":"https:\/\/best.brandpixel.eu\/index.php?rest_route=\/wp\/v2\/media\/4145"}],"wp:attachment":[{"href":"https:\/\/best.brandpixel.eu\/index.php?rest_route=%2Fwp%2Fv2%2Fmedia&parent=15946"}],"wp:term":[{"taxonomy":"product_cat","embeddable":true,"href":"https:\/\/best.brandpixel.eu\/index.php?rest_route=%2Fwp%2Fv2%2Fproduct_cat&post=15946"},{"taxonomy":"product_tag","embeddable":true,"href":"https:\/\/best.brandpixel.eu\/index.php?rest_route=%2Fwp%2Fv2%2Fproduct_tag&post=15946"}],"curies":[{"name":"wp","href":"https:\/\/api.w.org\/{rel}","templated":true}]}}