{"id":8,"date":"2024-09-18T10:31:22","date_gmt":"2024-09-18T08:31:22","guid":{"rendered":"https:\/\/best.brandpixel.eu\/?page_id=8"},"modified":"2024-10-15T09:38:21","modified_gmt":"2024-10-15T07:38:21","slug":"warenkorb","status":"publish","type":"page","link":"https:\/\/best.brandpixel.eu\/?page_id=8","title":{"rendered":"Warenkorb"},"content":{"rendered":"<div data-block-name=\"woocommerce\/cart\" class=\"wp-block-woocommerce-cart alignwide is-loading\"><div data-block-name=\"woocommerce\/filled-cart-block\" class=\"wp-block-woocommerce-filled-cart-block\"><div data-block-name=\"woocommerce\/cart-items-block\" class=\"wp-block-woocommerce-cart-items-block\"><div data-block-name=\"woocommerce\/cart-line-items-block\" class=\"wp-block-woocommerce-cart-line-items-block\"><\/div>\n\n<div data-block-name=\"woocommerce\/cart-cross-sells-block\" class=\"wp-block-woocommerce-cart-cross-sells-block\"><h2 class=\"wp-block-heading has-large-font-size\">Das interessiert dich vielleicht\u00a0\u2026<\/h2>\n\n<div data-block-name=\"woocommerce\/cart-cross-sells-products-block\" class=\"wp-block-woocommerce-cart-cross-sells-products-block\"><\/div><\/div><\/div>\n\n<div data-block-name=\"woocommerce\/cart-totals-block\" class=\"wp-block-woocommerce-cart-totals-block\"><div data-block-name=\"woocommerce\/cart-order-summary-block\" class=\"wp-block-woocommerce-cart-order-summary-block\"><div data-block-name=\"woocommerce\/cart-order-summary-heading-block\" class=\"wp-block-woocommerce-cart-order-summary-heading-block\"><\/div><div data-block-name=\"woocommerce\/cart-order-summary-coupon-form-block\" class=\"wp-block-woocommerce-cart-order-summary-coupon-form-block\"><\/div><div data-block-name=\"woocommerce\/cart-order-summary-totals-block\" class=\"wp-block-woocommerce-cart-order-summary-totals-block\">\n<div data-block-name=\"woocommerce\/cart-order-summary-subtotal-block\" class=\"wp-block-woocommerce-cart-order-summary-subtotal-block\"><\/div>\n<div data-block-name=\"woocommerce\/cart-order-summary-discount-block\" class=\"wp-block-woocommerce-cart-order-summary-discount-block\"><\/div>\n<div data-block-name=\"woocommerce\/cart-order-summary-fee-block\" class=\"wp-block-woocommerce-cart-order-summary-fee-block\"><\/div>\n<div data-block-name=\"woocommerce\/cart-order-summary-shipping-block\" class=\"wp-block-woocommerce-cart-order-summary-shipping-block\"><\/div>\n<div data-block-name=\"woocommerce\/cart-order-summary-taxes-block\" class=\"wp-block-woocommerce-cart-order-summary-taxes-block\"><\/div><\/div><\/div>\n\n<div data-block-name=\"woocommerce\/cart-express-payment-block\" class=\"wp-block-woocommerce-cart-express-payment-block\"><\/div>\n\n<div data-block-name=\"woocommerce\/proceed-to-checkout-block\" class=\"wp-block-woocommerce-proceed-to-checkout-block\"><\/div>\n\n<div data-block-name=\"woocommerce\/cart-accepted-payment-methods-block\" class=\"wp-block-woocommerce-cart-accepted-payment-methods-block\"><\/div><\/div><\/div>\n\n<div data-block-name=\"woocommerce\/empty-cart-block\" class=\"wp-block-woocommerce-empty-cart-block\"><h2 class=\"wp-block-heading has-text-align-center with-empty-cart-icon wc-block-cart__empty-cart__title\">Dein Warenkorb ist gerade leer!<\/h2>\n\n<hr class=\"wp-block-separator has-alpha-channel-opacity is-style-dots\"\/>\n\n<h2 class=\"wp-block-heading has-text-align-center\">Neu im Shop<\/h2>\n\n<div data-block-name=\"woocommerce\/product-new\" data-columns=\"4\" data-rows=\"1\" class=\"wc-block-grid wp-block-product-new wc-block-product-new has-4-columns\"><ul class=\"wc-block-grid__products\"><li class=\"wc-block-grid__product\">\n\t\t\t\t<a href=\"https:\/\/best.brandpixel.eu\/?product=set-spartus-mig-mag-wig-lcd-synergie-3in1-inverter-schweissgeraet-200amp-vrd-fcaw\" class=\"wc-block-grid__product-link\">\n\t\t\t\t\t\n\t\t\t\t\t<div class=\"wc-block-grid__product-image\"><img loading=\"lazy\" decoding=\"async\" width=\"300\" height=\"300\" src=\"https:\/\/best.brandpixel.eu\/wp-content\/uploads\/2024\/10\/s-l1600-850-300x300.jpg\" class=\"attachment-woocommerce_thumbnail size-woocommerce_thumbnail\" alt=\"SET Spartus\u2122 MIG\/MAG WIG LCD Synergie 3in1 Inverter Schwei\u00dfger\u00e4t 200Amp VRD FCAW\" srcset=\"https:\/\/best.brandpixel.eu\/wp-content\/uploads\/2024\/10\/s-l1600-850-300x300.jpg 300w, https:\/\/best.brandpixel.eu\/wp-content\/uploads\/2024\/10\/s-l1600-850-1024x1024.jpg 1024w, https:\/\/best.brandpixel.eu\/wp-content\/uploads\/2024\/10\/s-l1600-850-150x150.jpg 150w, https:\/\/best.brandpixel.eu\/wp-content\/uploads\/2024\/10\/s-l1600-850-768x768.jpg 768w, https:\/\/best.brandpixel.eu\/wp-content\/uploads\/2024\/10\/s-l1600-850-1536x1536.jpg 1536w, https:\/\/best.brandpixel.eu\/wp-content\/uploads\/2024\/10\/s-l1600-850-600x600.jpg 600w, https:\/\/best.brandpixel.eu\/wp-content\/uploads\/2024\/10\/s-l1600-850-100x100.jpg 100w, https:\/\/best.brandpixel.eu\/wp-content\/uploads\/2024\/10\/s-l1600-850.jpg 1600w\" sizes=\"auto, (max-width: 300px) 100vw, 300px\" \/><\/div>\n\t\t\t\t\t<div class=\"wc-block-grid__product-title\">SET Spartus\u2122 MIG\/MAG WIG LCD Synergie 3in1 Inverter Schwei\u00dfger\u00e4t 200Amp VRD FCAW<\/div>\n\t\t\t\t<\/a>\n\t\t\t\t<div class=\"wc-block-grid__product-price price\"><span class=\"woocommerce-Price-amount amount\">729,00&nbsp;<span class=\"woocommerce-Price-currencySymbol\">&euro;<\/span><\/span> &ndash; <span class=\"woocommerce-Price-amount amount\">779,00&nbsp;<span class=\"woocommerce-Price-currencySymbol\">&euro;<\/span><\/span><\/div>\n\t\t\t\t\n\t\t\t\t<div class=\"wp-block-button wc-block-grid__product-add-to-cart\"><a href=\"https:\/\/best.brandpixel.eu\/?product=set-spartus-mig-mag-wig-lcd-synergie-3in1-inverter-schweissgeraet-200amp-vrd-fcaw\" aria-label=\"Select options for &ldquo;SET Spartus\u2122 MIG\/MAG WIG LCD Synergie 3in1 Inverter Schwei\u00dfger\u00e4t 200Amp VRD FCAW&rdquo;\" data-quantity=\"1\" data-product_id=\"16250\" data-product_sku=\"133943354246\" data-price=\"729\" rel=\"nofollow\" class=\"wp-block-button__link  add_to_cart_button\">Select options<\/a><\/div>\n\t\t\t<\/li><li class=\"wc-block-grid__product\">\n\t\t\t\t<a href=\"https:\/\/best.brandpixel.eu\/?product=magicmig-500amp-4in1-mig-mag-synergie-schweissgeraet-wig-4x4-schweissmachine-lcd\" class=\"wc-block-grid__product-link\">\n\t\t\t\t\t\n\t\t\t\t\t<div class=\"wc-block-grid__product-image\"><img loading=\"lazy\" decoding=\"async\" width=\"300\" height=\"300\" src=\"https:\/\/best.brandpixel.eu\/wp-content\/uploads\/2024\/10\/s-l1600-838-300x300.jpg\" class=\"attachment-woocommerce_thumbnail size-woocommerce_thumbnail\" alt=\"MagicMIG\u2122 500Amp 4in1 MIG\/MAG Synergie Schwei\u00dfger\u00e4t WIG 4x4 Schwei\u00dfmachine LCD\" srcset=\"https:\/\/best.brandpixel.eu\/wp-content\/uploads\/2024\/10\/s-l1600-838-300x300.jpg 300w, https:\/\/best.brandpixel.eu\/wp-content\/uploads\/2024\/10\/s-l1600-838-150x150.jpg 150w, https:\/\/best.brandpixel.eu\/wp-content\/uploads\/2024\/10\/s-l1600-838-100x100.jpg 100w\" sizes=\"auto, (max-width: 300px) 100vw, 300px\" \/><\/div>\n\t\t\t\t\t<div class=\"wc-block-grid__product-title\">MagicMIG\u2122 500Amp 4in1 MIG\/MAG Synergie Schwei\u00dfger\u00e4t WIG 4&#215;4 Schwei\u00dfmachine LCD<\/div>\n\t\t\t\t<\/a>\n\t\t\t\t<div class=\"wc-block-grid__product-price price\"><span class=\"woocommerce-Price-amount amount\">3.599,00&nbsp;<span class=\"woocommerce-Price-currencySymbol\">&euro;<\/span><\/span><\/div>\n\t\t\t\t\n\t\t\t\t<div class=\"wp-block-button wc-block-grid__product-add-to-cart\"><a href=\"?add-to-cart=16249\" aria-label=\"Add to cart: &ldquo;MagicMIG\u2122 500Amp 4in1 MIG\/MAG Synergie Schwei\u00dfger\u00e4t WIG 4x4 Schwei\u00dfmachine LCD&rdquo;\" data-quantity=\"1\" data-product_id=\"16249\" data-product_sku=\"133937338566\" data-price=\"3599\" rel=\"nofollow\" class=\"wp-block-button__link  add_to_cart_button ajax_add_to_cart\">Add to cart<\/a><\/div>\n\t\t\t<\/li><li class=\"wc-block-grid__product\">\n\t\t\t\t<a href=\"https:\/\/best.brandpixel.eu\/?product=magicmig-350amp-4in1-mig-mag-synergie-schweissgeraet-wig-4x4-schweissmachine-lcd\" class=\"wc-block-grid__product-link\">\n\t\t\t\t\t\n\t\t\t\t\t<div class=\"wc-block-grid__product-image\"><img loading=\"lazy\" decoding=\"async\" width=\"300\" height=\"300\" src=\"https:\/\/best.brandpixel.eu\/wp-content\/uploads\/2024\/10\/s-l1600-826-300x300.jpg\" class=\"attachment-woocommerce_thumbnail size-woocommerce_thumbnail\" alt=\"MagicMIG\u2122 350Amp 4in1 MIG\/MAG Synergie Schwei\u00dfger\u00e4t WIG 4x4 Schwei\u00dfmachine LCD\" srcset=\"https:\/\/best.brandpixel.eu\/wp-content\/uploads\/2024\/10\/s-l1600-826-300x300.jpg 300w, https:\/\/best.brandpixel.eu\/wp-content\/uploads\/2024\/10\/s-l1600-826-150x150.jpg 150w, https:\/\/best.brandpixel.eu\/wp-content\/uploads\/2024\/10\/s-l1600-826-100x100.jpg 100w\" sizes=\"auto, (max-width: 300px) 100vw, 300px\" \/><\/div>\n\t\t\t\t\t<div class=\"wc-block-grid__product-title\">MagicMIG\u2122 350Amp 4in1 MIG\/MAG Synergie Schwei\u00dfger\u00e4t WIG 4&#215;4 Schwei\u00dfmachine LCD<\/div>\n\t\t\t\t<\/a>\n\t\t\t\t<div class=\"wc-block-grid__product-price price\"><span class=\"woocommerce-Price-amount amount\">1.799,00&nbsp;<span class=\"woocommerce-Price-currencySymbol\">&euro;<\/span><\/span><\/div>\n\t\t\t\t\n\t\t\t\t<div class=\"wp-block-button wc-block-grid__product-add-to-cart\"><a href=\"?add-to-cart=16248\" aria-label=\"Add to cart: &ldquo;MagicMIG\u2122 350Amp 4in1 MIG\/MAG Synergie Schwei\u00dfger\u00e4t WIG 4x4 Schwei\u00dfmachine LCD&rdquo;\" data-quantity=\"1\" data-product_id=\"16248\" data-product_sku=\"133937284355\" data-price=\"1799\" rel=\"nofollow\" class=\"wp-block-button__link  add_to_cart_button ajax_add_to_cart\">Add to cart<\/a><\/div>\n\t\t\t<\/li><li class=\"wc-block-grid__product\">\n\t\t\t\t<a href=\"https:\/\/best.brandpixel.eu\/?product=magicmig-300amp-4in1-mig-mag-synergie-schweissgeraet-wig-4x4-schweissmachine-lcd\" class=\"wc-block-grid__product-link\">\n\t\t\t\t\t\n\t\t\t\t\t<div class=\"wc-block-grid__product-image\"><img loading=\"lazy\" decoding=\"async\" width=\"300\" height=\"300\" src=\"https:\/\/best.brandpixel.eu\/wp-content\/uploads\/2024\/10\/s-l1600-814-300x300.jpg\" class=\"attachment-woocommerce_thumbnail size-woocommerce_thumbnail\" alt=\"MagicMIG\u2122 300Amp 4in1 MIG\/MAG Synergie Schwei\u00dfger\u00e4t WIG 4x4 Schwei\u00dfmachine LCD\" srcset=\"https:\/\/best.brandpixel.eu\/wp-content\/uploads\/2024\/10\/s-l1600-814-300x300.jpg 300w, https:\/\/best.brandpixel.eu\/wp-content\/uploads\/2024\/10\/s-l1600-814-150x150.jpg 150w, https:\/\/best.brandpixel.eu\/wp-content\/uploads\/2024\/10\/s-l1600-814-100x100.jpg 100w\" sizes=\"auto, (max-width: 300px) 100vw, 300px\" \/><\/div>\n\t\t\t\t\t<div class=\"wc-block-grid__product-title\">MagicMIG\u2122 300Amp 4in1 MIG\/MAG Synergie Schwei\u00dfger\u00e4t WIG 4&#215;4 Schwei\u00dfmachine LCD<\/div>\n\t\t\t\t<\/a>\n\t\t\t\t<div class=\"wc-block-grid__product-price price\"><span class=\"woocommerce-Price-amount amount\">1.599,00&nbsp;<span class=\"woocommerce-Price-currencySymbol\">&euro;<\/span><\/span><\/div>\n\t\t\t\t\n\t\t\t\t<div class=\"wp-block-button wc-block-grid__product-add-to-cart\"><a href=\"?add-to-cart=16247\" aria-label=\"Add to cart: &ldquo;MagicMIG\u2122 300Amp 4in1 MIG\/MAG Synergie Schwei\u00dfger\u00e4t WIG 4x4 Schwei\u00dfmachine LCD&rdquo;\" data-quantity=\"1\" data-product_id=\"16247\" data-product_sku=\"133937280813\" data-price=\"1599\" rel=\"nofollow\" class=\"wp-block-button__link  add_to_cart_button ajax_add_to_cart\">Add to cart<\/a><\/div>\n\t\t\t<\/li><\/ul><\/div><\/div><\/div>","protected":false},"excerpt":{"rendered":"","protected":false},"author":1,"featured_media":0,"parent":0,"menu_order":0,"comment_status":"closed","ping_status":"closed","template":"","meta":{"site-sidebar-layout":"default","site-content-layout":"","ast-site-content-layout":"","site-content-style":"default","site-sidebar-style":"default","ast-global-header-display":"","ast-banner-title-visibility":"","ast-main-header-display":"","ast-hfb-above-header-display":"","ast-hfb-below-header-display":"","ast-hfb-mobile-header-display":"","site-post-title":"","ast-breadcrumbs-content":"","ast-featured-img":"","footer-sml-layout":"","theme-transparent-header-meta":"","adv-header-id-meta":"","stick-header-meta":"","header-above-stick-meta":"","header-main-stick-meta":"","header-below-stick-meta":"","astra-migrate-meta-layouts":"default","ast-page-background-enabled":"default","ast-page-background-meta":{"desktop":{"background-color":"var(--ast-global-color-4)","background-image":"","background-repeat":"repeat","background-position":"center center","background-size":"auto","background-attachment":"scroll","background-type":"","background-media":"","overlay-type":"","overlay-color":"","overlay-opacity":"","overlay-gradient":""},"tablet":{"background-color":"","background-image":"","background-repeat":"repeat","background-position":"center center","background-size":"auto","background-attachment":"scroll","background-type":"","background-media":"","overlay-type":"","overlay-color":"","overlay-opacity":"","overlay-gradient":""},"mobile":{"background-color":"","background-image":"","background-repeat":"repeat","background-position":"center center","background-size":"auto","background-attachment":"scroll","background-type":"","background-media":"","overlay-type":"","overlay-color":"","overlay-opacity":"","overlay-gradient":""}},"ast-content-background-meta":{"desktop":{"background-color":"var(--ast-global-color-5)","background-image":"","background-repeat":"repeat","background-position":"center center","background-size":"auto","background-attachment":"scroll","background-type":"","background-media":"","overlay-type":"","overlay-color":"","overlay-opacity":"","overlay-gradient":""},"tablet":{"background-color":"var(--ast-global-color-5)","background-image":"","background-repeat":"repeat","background-position":"center center","background-size":"auto","background-attachment":"scroll","background-type":"","background-media":"","overlay-type":"","overlay-color":"","overlay-opacity":"","overlay-gradient":""},"mobile":{"background-color":"var(--ast-global-color-5)","background-image":"","background-repeat":"repeat","background-position":"center center","background-size":"auto","background-attachment":"scroll","background-type":"","background-media":"","overlay-type":"","overlay-color":"","overlay-opacity":"","overlay-gradient":""}},"footnotes":""},"class_list":["post-8","page","type-page","status-publish","hentry"],"_links":{"self":[{"href":"https:\/\/best.brandpixel.eu\/index.php?rest_route=\/wp\/v2\/pages\/8","targetHints":{"allow":["GET"]}}],"collection":[{"href":"https:\/\/best.brandpixel.eu\/index.php?rest_route=\/wp\/v2\/pages"}],"about":[{"href":"https:\/\/best.brandpixel.eu\/index.php?rest_route=\/wp\/v2\/types\/page"}],"author":[{"embeddable":true,"href":"https:\/\/best.brandpixel.eu\/index.php?rest_route=\/wp\/v2\/users\/1"}],"replies":[{"embeddable":true,"href":"https:\/\/best.brandpixel.eu\/index.php?rest_route=%2Fwp%2Fv2%2Fcomments&post=8"}],"version-history":[{"count":1,"href":"https:\/\/best.brandpixel.eu\/index.php?rest_route=\/wp\/v2\/pages\/8\/revisions"}],"predecessor-version":[{"id":12,"href":"https:\/\/best.brandpixel.eu\/index.php?rest_route=\/wp\/v2\/pages\/8\/revisions\/12"}],"wp:attachment":[{"href":"https:\/\/best.brandpixel.eu\/index.php?rest_route=%2Fwp%2Fv2%2Fmedia&parent=8"}],"curies":[{"name":"wp","href":"https:\/\/api.w.org\/{rel}","templated":true}]}}